{"id":11,"date":"2023-01-14T09:42:42","date_gmt":"2023-01-14T08:42:42","guid":{"rendered":"http:\/\/christellebes.com\/?page_id=11"},"modified":"2024-12-17T08:36:35","modified_gmt":"2024-12-17T07:36:35","slug":"experiences","status":"publish","type":"page","link":"https:\/\/christellebes.com\/index.php\/experiences\/","title":{"rendered":"Exp\u00e9riences"},"content":{"rendered":"\n<p>Mes exp\u00e9riences professionnelles et associatives s&rsquo;articulent autour de mon ancienne vie professionnelle, 17 ans dans le marketing, et ma reconversion dans l&rsquo;environnement depuis 10 ans. Cette page synth\u00e9tise mes 2 vies professionnelles, mais si vous souhaitez lire en d\u00e9tail l&rsquo;une ou l&rsquo;autre, vous pouvez cliquer sur l&rsquo;un des liens ci-dessous (sinon, scrollez tout simplement).<\/p>\n\n\n\n<h2 class=\"wp-block-heading has-medium-font-size\"><a href=\"https:\/\/christellebes.com\/index.php\/experiences\/experiences-en-environnement\/\"><strong>ENVIRONNEMENT<\/strong> &#8211;  Naturaliste; Scientifique; Sciences Participatives, Animation<\/a><\/h2>\n\n\n\n<h2 class=\"wp-block-heading has-medium-font-size\"><a href=\"https:\/\/christellebes.com\/index.php\/experiences\/experiences-en-marketing-management-informatique\/\"><strong>MARKETING <\/strong> &#8211;  E-crm; E-merchandising; Newsletter; Print; Parcours Client; Fid\u00e9lisation; UX; Management<\/a><\/h2>\n\n\n\n<figure class=\"wp-block-image size-full is-resized\"><img loading=\"lazy\" decoding=\"async\" width=\"447\" height=\"85\" src=\"https:\/\/christellebes.com\/wp-content\/uploads\/2023\/01\/reconversion_professionnelle-1.jpg\" alt=\"\" class=\"wp-image-138\" style=\"width:335px;height:64px\" srcset=\"https:\/\/christellebes.com\/wp-content\/uploads\/2023\/01\/reconversion_professionnelle-1.jpg 447w, https:\/\/christellebes.com\/wp-content\/uploads\/2023\/01\/reconversion_professionnelle-1-300x57.jpg 300w\" sizes=\"auto, (max-width: 447px) 100vw, 447px\" \/><\/figure>\n\n\n\n<p class=\"has-text-color\" style=\"color:#068e6e\"><strong>2024 : Charg\u00e9e d&rsquo;\u00e9tudes naturaliste<\/strong> Ornithologue, Botanique (8 mois)<\/p>\n\n\n\n<p class=\"has-text-color\" style=\"color:#068e6e;font-size:17px\"><em>Association A\u00e9ro Biodiversit\u00e9 (94)<\/em> &#8211; <em>La Biodiversit\u00e9 des plateformes a\u00e9roportuaires<\/em><\/p>\n\n\n\n<ul style=\"color:#068e6e;font-size:16px\" class=\"wp-block-list has-text-color\">\n<li>Inventaires naturalistes (Principalement ornithologues, protocole EPOC, Repasse \u00e9coute nocturne, mais aussi botanique L\u00e9pidopt\u00e8res (5&rsquo;count, lepiled, opportunistes), Hym\u00e9nopt\u00e8res, Dipt\u00e8res, Gast\u00e9ropodes, Mammif\u00e8res, Avifaune) sur les prairies a\u00e9roportuaires de 8 plateformes (Bretagne, Ile de France, Pays de la Loire).<\/li>\n\n\n\n<li>Animation : cr\u00e9ation d&rsquo;une journ\u00e9e r\u00e9gionale de la biodiversit\u00e9 des a\u00e9roports en Bretagne avec pr\u00e9sentations et visites terrain. Journ\u00e9e de la biodiversit\u00e9 Orly (stand et animations \u00e0 destination de 80 enfants), Co-cr\u00e9ation d&rsquo;un jeu de soci\u00e9t\u00e9 autour de la gestion des espaces verts a\u00e9roportuaires, Cabinet de curiosit\u00e9s, Sciences Participatives et sensibilisation (adultes)<\/li>\n\n\n\n<li>Saisie de donn\u00e9es dans une Base de Donn\u00e9es, Cartographie sur QGIS, Bibliographie<\/li>\n\n\n\n<li>R\u00e9daction de 8 rapports destin\u00e9s aux plateformes a\u00e9roportuaires (Contexte, Bilan, Conseils de Gestion)<\/li>\n<\/ul>\n\n\n\n<p class=\"has-text-color\" style=\"color:#068e6e\"><strong>2023 : Charg\u00e9e d&rsquo;\u00e9tudes naturaliste<\/strong> Botanique, faune (8 mois)<\/p>\n\n\n\n<p class=\"has-text-color\" style=\"color:#068e6e;font-size:17px\"><em>Association A\u00e9ro Biodiversit\u00e9 (94)<\/em> &#8211; <em>La Biodiversit\u00e9 des plateformes a\u00e9roportuaires<\/em><\/p>\n\n\n\n<ul style=\"color:#068e6e;font-size:16px\" class=\"wp-block-list has-text-color\">\n<li>Inventaires naturalistes (Principalement Botanique mais aussi L\u00e9pidopt\u00e8res, Hym\u00e9nopt\u00e8res, Dipt\u00e8res, Gast\u00e9ropodes, Mammif\u00e8res, Avifaune) sur les prairies a\u00e9roportuaires de 7 plateformes (Bretagne, Ile de France, Picardie).<\/li>\n\n\n\n<li>Animations Nature Insectes (scolaires du CP au CM2), Journ\u00e9e de la biodiversit\u00e9 A\u00e9roports De Paris (adultes), Sciences Participatives et sensibilisation (adultes)<\/li>\n\n\n\n<li>Saisie de donn\u00e9es dans une Base de Donn\u00e9es, Cartographie sur QGIS, Bibliographie<\/li>\n\n\n\n<li>R\u00e9daction de 7 rapports destin\u00e9s aux plateformes a\u00e9roportuaires (Contexte, Bilan, Conseils de Gestion)<\/li>\n<\/ul>\n\n\n\n<p class=\"has-text-color\" style=\"color:#068e6e\"><strong>2023 : Sorties naturalistes<\/strong> Avifaune<\/p>\n\n\n\n<p class=\"has-text-color\" style=\"color:#068e6e;font-size:17px\"><em>Aven du Grand Voyeux (77)<\/em><\/p>\n\n\n\n<p class=\"has-text-color\" style=\"color:#068e6e\"><strong>2022 : Stage &#8211; \u00c9valuation des ressources florales pour les pollinisateurs sauvages et domestiques<\/strong> (6 mois)<\/p>\n\n\n\n<p class=\"has-text-color\" style=\"color:#068e6e;font-size:17px\"><em>Association d&rsquo;Agro\u00e9cologie \u00ab\u00a0Hommes et Territoires\u00a0\u00bb (Orl\u00e9ans, 45)<\/em> <a href=\"https:\/\/christellebes.com\/index.php\/recommandations#hommes-et-territoires\">voir recommandation<\/a><\/p>\n\n\n\n<ul style=\"color:#068e6e;font-size:16px\" class=\"wp-block-list has-text-color\">\n<li>Inventaires botaniques et interactions plantes \/ pollinisateurs en milieux agricole, forestier, humide. <\/li>\n\n\n\n<li>Comparaison de protocoles de suivi scientifiques afin d&rsquo;identifier le meilleur ratio temps \/ pr\u00e9cision <\/li>\n\n\n\n<li>\u00c9changes avec les agriculteurs, apiculteurs, partenaires. Conseils de gestion favorables aux pollinisateurs<\/li>\n\n\n\n<li>Bibliographie, cartographie (Qgis), analyse (Rstudio), r\u00e9daction des r\u00e9sultats, interpr\u00e9tation<\/li>\n<\/ul>\n\n\n\n<p class=\"has-text-color\" style=\"color:#068e6e\"><strong>2023 : Animations Nature dans les \u00e9coles, centres de loisirs, villes<\/strong> (4 ans)<\/p>\n\n\n\n<p class=\"has-text-color\" style=\"color:#068e6e;font-size:17px\"><em>Micro entreprise <a href=\"https:\/\/www.unecigaledanslafourmiliere.com\/\">https:\/\/www.unecigaledanslafourmiliere.com<\/a> (93, 77, 95)<\/em> &#8211; <a href=\"https:\/\/christellebes.com\/index.php\/recommandations\/#cigale\">voir recommandation<\/a><\/p>\n\n\n\n<ul style=\"color:#068e6e;font-size:16px\" class=\"wp-block-list has-text-color\">\n<li>Animations d&rsquo;\u00c9ducation \u00e0 l&rsquo;Environnement (pollinisateurs sauvages, oiseaux, abeilles domestique, papillons &#8230;)  <\/li>\n\n\n\n<li>Conception de supports (Pr\u00e9sentations, Panneaux, divers, dossiers p\u00e9dagogiques)<\/li>\n\n\n\n<li>Cr\u00e9ation et mise \u00e0 jour du site web, de flyers<\/li>\n\n\n\n<li>Comptabilit\u00e9 <\/li>\n<\/ul>\n\n\n\n<p class=\"has-text-color\" style=\"color:#068e6e\"><strong>2021 : Stage naturaliste (2 mois)<\/strong><\/p>\n\n\n\n<p class=\"has-text-color\" style=\"color:#068e6e;font-size:17px\"><em>Amicale Naturaliste des Coteaux d&rsquo;Avron (93)<\/em><\/p>\n\n\n\n<ul style=\"color:#068e6e;font-size:16px\" class=\"wp-block-list has-text-color\">\n<li>Inventaires amphibiens (bibliographie, analyse, r\u00e9daction des r\u00e9sultats)<\/li>\n\n\n\n<li>Inventaires botanique<\/li>\n\n\n\n<li>Inventaires avifaune (Bondr\u00e9e apivore)<\/li>\n<\/ul>\n\n\n\n<p><strong>2011 \u2013 2021 : Responsable emailing \u2013 crm \/ Gestion de projets Web (10 ans)<\/strong><\/p>\n\n\n\n<p style=\"font-size:17px\"><em>Groupe Karavel \u2013 Promovacances<\/em>&nbsp;(75) &#8211; <a href=\"https:\/\/christellebes.com\/index.php\/recommandations#karavel\">voir recommandations<\/a><\/p>\n\n\n\n<ul style=\"font-size:16px\" class=\"wp-block-list\">\n<li>Planning, cr\u00e9ation de la strat\u00e9gie e-crm et du brief design \/ html ou print, envoi (mail \/ SMS)<\/li>\n\n\n\n<li>Animation commerciale des sites Croisi\u00e8re<\/li>\n\n\n\n<li>Reporting pour les marques Abcroisi\u00e8re, Crucerospromo.es, Crocierepromo.it, unmonde<\/li>\n\n\n\n<li>Management (2 personnes) &#8211; <a href=\"https:\/\/christellebes.com\/index.php\/recommandations\/#karavel\">voir recommandations<\/a><\/li>\n\n\n\n<li>Gestion de projet relatif \u00e0 la refonte et l\u2019optimisation UX du site de e-commerce Abcroisiere<\/li>\n<\/ul>\n\n\n\n<p class=\"has-text-color\" style=\"color:#068e6e\"><strong>2020 : Membre du bureau associatif jardin partag\u00e9s et apiculture (3 ans )<\/strong><\/p>\n\n\n\n<p class=\"has-text-color\" style=\"color:#068e6e;font-size:17px\">Les mains de Jardin &#8211; <a href=\"https:\/\/www.facebook.com\/mainsdejardin.asso\/\">https:\/\/www.facebook.com\/mainsdejardin.asso\/<\/a> (93)<\/p>\n\n\n\n<ul style=\"color:#068e6e;font-size:16px\" class=\"wp-block-list has-text-color\">\n<li>Jardiner avec le vivant (sans apport, permaculture, apiculture, herbes folles)<\/li>\n\n\n\n<li>Apiculture<\/li>\n\n\n\n<li>Blog <\/li>\n\n\n\n<li>Ateliers nature (semis, nichoirs \u00e0 oiseaux, r\u00e9cup, boutures, engrais naturels, inventaires avifaune, amphibiens etc&#8230;)<\/li>\n<\/ul>\n\n\n\n<p class=\"has-text-color\" style=\"color:#068e6e\"><strong>2015 &#8211; 2017 : Chantiers nature (taille, fauche, cr\u00e9ation de mare)<\/strong>, <strong>sorties naturalistes<\/strong><\/p>\n\n\n\n<ul style=\"color:#068e6e;font-size:16px\" class=\"wp-block-list has-text-color\">\n<li>Les Blongios (59) : Cayeux sur mer, citadelle de Lille<\/li>\n\n\n\n<li>Maison de la p\u00eache et de la nature de Roubaix (59)<\/li>\n\n\n\n<li>Conservatoire d&rsquo;Espaces Naturels de la Picardie (60)<\/li>\n\n\n\n<li>LPO (avifaune urbaine, nocturne)<\/li>\n\n\n\n<li>GON (Groupement Ornithologique du Nord) : bagage<\/li>\n<\/ul>\n\n\n\n<p class=\"has-text-color\" style=\"color:#068e6e\"><strong>2015 : Stage Naturaliste Natura 2000 (3 mois)<\/strong><\/p>\n\n\n\n<p class=\"has-text-color\" style=\"color:#068e6e;font-size:17px\">Parc Naturel R\u00e9gional Scarpe Escaut (59) &#8211;<a href=\"https:\/\/christellebes.com\/index.php\/recommandations#pnr\"> voir recommandation<\/a><\/p>\n\n\n\n<p class=\"has-text-color\" style=\"color:#068e6e;font-size:17px\">Inventaires du Triton Cr\u00eat\u00e9 et du Vertigo de Des Moulins sur des sites Natura 2000 en milieu agricole, bocage, zone humide<\/p>\n\n\n\n<ul style=\"color:#068e6e;font-size:16px\" class=\"wp-block-list has-text-color\">\n<li>Prospection des mares de 3 sites (localisation, profondeur, forme) et Cartographie Qgis<\/li>\n\n\n\n<li>Inventaires botaniques, amphibiens (lampe torche, CMR), malacologiques<\/li>\n\n\n\n<li>R\u00e9alisation de profils de sols<\/li>\n\n\n\n<li>R\u00e9daction de fiches caract\u00e9ristiques de mares<\/li>\n\n\n\n<li>R\u00e9daction des r\u00e9sultats et recommandations pour le DOCOB<\/li>\n\n\n\n<li>Rencontre des agriculteurs et r\u00e9alisation d&rsquo;une animation \u00ab\u00a0Tritons cr\u00eat\u00e9s\u00a0\u00bb pour sensibiliser aux bonnes pratiques <\/li>\n<\/ul>\n\n\n\n<p><strong>2010 \u2013 2011 : Chef de projet marketing Senior<\/strong>&nbsp;<strong>(1 an)<\/strong><\/p>\n\n\n\n<p style=\"font-size:17px\"><em>Skillstar \u2013 Groupe Betclic<\/em>&nbsp;(75)<\/p>\n\n\n\n<ul style=\"font-size:16px\" class=\"wp-block-list\">\n<li>SEO : recommandations et optimisation du site www.skillstar.com<\/li>\n\n\n\n<li>Acquisition : campagnes d\u2019affiliation \/ mise en place de bonus \/ parcours client<\/li>\n\n\n\n<li>Animation commerciale + e-crm : lancement de jeux, th\u00e9matiques, animation du site, newsletters e-crm<\/li>\n\n\n\n<li>Mise en place du programme de fid\u00e9lit\u00e9 (V1) qui permet de gagner des points TV sur le site pour passer sur M6 (actions de earn + burn + process pour passer sur M6)<\/li>\n<\/ul>\n\n\n\n<p><strong>2009 \u2013 2010 : Chef de projets e-crm et fid\u00e9lisation<\/strong>&nbsp;<strong>senior<\/strong>&nbsp;(1 an)<\/p>\n\n\n\n<p style=\"font-size:17px\"><em>La Fran\u00e7aise des Jeux<\/em>&nbsp;(92)<\/p>\n\n\n\n<ul style=\"font-size:16px\" class=\"wp-block-list\">\n<li>Jeux de hasard&nbsp;: Responsable de l\u2019animation commerciale e-mailing prospects \u2013 clients&nbsp; (choix du contenu \/ briefs graphiques\/&nbsp; mise en place \/ suivi des statistiques)<\/li>\n\n\n\n<li>\u00c9laboration de plans marketing relationnel (e-mailing) en fonction de la segmentation et du cycle de vie du client.<\/li>\n\n\n\n<li>Campagnes de recrutement et antichurn multicanal (appels sortants + e-mailing)<\/li>\n\n\n\n<li>Gestion d\u2019un budget<\/li>\n<\/ul>\n\n\n\n<p><strong>2007 \u2013 2009 : RESPONSABLE E-CRM et FIDELISATION (2,5 ans)<\/strong><\/p>\n\n\n\n<p style=\"font-size:17px\"><em>rueducommerce.com<\/em>&nbsp;(93)<\/p>\n\n\n\n<ul style=\"font-size:16px\" class=\"wp-block-list\">\n<li>Management de 2 personnes dans le p\u00f4le e-crm \/ fid\u00e9lisation &#8211;  <a href=\"https:\/\/christellebes.com\/index.php\/recommandations#rueducommerce\">voir recommandations<\/a><\/li>\n\n\n\n<li>Mise en place d\u2019un outil de gestion de campagnes marketing \/ e-crm : NEOLANE<\/li>\n\n\n\n<li>Cr\u00e9ation d\u2019un programme d\u2019e-crm<\/li>\n\n\n\n<li>Conception d\u2019un programme de fid\u00e9lisation, lancement de la carte RueDuCommerce<\/li>\n\n\n\n<li>Mise en place, suivi de la segmentation clients<\/li>\n<\/ul>\n\n\n\n<p><strong>2005 \u2013 2006 : CHEF DE PROJET MARKETING, rueducommerce.com (1,5 ans)<\/strong><\/p>\n\n\n\n<p style=\"font-size:17px\"><em>rueducommerce.com<\/em>&nbsp;(93)<\/p>\n\n\n\n<ul style=\"font-size:16px\" class=\"wp-block-list\">\n<li>Refonte ou conception de nouveaux espaces pour RueDuCommerce.com<\/li>\n\n\n\n<li>Gestion de projets sur l\u2019ergonomie du site \/ \u00c9tude du le comportement d\u2019achat clients<\/li>\n<\/ul>\n\n\n\n<p><strong>2004 \u2013 2005 : RESPONSABLE MARKETING OPERATIONNEL (1 an)<\/strong><\/p>\n\n\n\n<p style=\"font-size:17px\">Ennov (75)<\/p>\n\n\n\n<ul style=\"font-size:16px\" class=\"wp-block-list\">\n<li>Cr\u00e9ation du site web http:\/\/www.ennov.com<\/li>\n\n\n\n<li>Salons (documation, documation Espagne, conf\u00e9rence sur la Qualit\u00e9, \u2026)<\/li>\n\n\n\n<li>Ev\u00e9nementiel : Organisation du Club Utilisateurs (100 personnes)<\/li>\n<\/ul>\n\n\n\n<p><strong>2003- 2004 Apprentie Marketing, Gestion de Projets (1 an)<\/strong><\/p>\n\n\n\n<p style=\"font-size:17px\"><em>Watoo web agency (75)<\/em><\/p>\n\n\n\n<p><strong>2002-2003 Apprentie Marketing et Communication (1 an)<\/strong><\/p>\n\n\n\n<p style=\"font-size:17px\"><em>IBM (92)<\/em><\/p>\n","protected":false},"excerpt":{"rendered":"<p>Mes exp\u00e9riences professionnelles et associatives s&rsquo;articulent autour de mon ancienne vie professionnelle, 17 ans dans le marketing, et ma reconversion dans l&rsquo;environnement depuis 10 ans. Cette page synth\u00e9tise mes 2 vies professionnelles, mais si vous souhaitez lire en d\u00e9tail l&rsquo;une ou l&rsquo;autre, vous pouvez cliquer sur l&rsquo;un des liens ci-dessous (sinon, scrollez tout simplement). ENVIRONNEMENT [&hellip;]<\/p>\n","protected":false},"author":1,"featured_media":0,"parent":0,"menu_order":2,"comment_status":"closed","ping_status":"closed","template":"","meta":{"footnotes":""},"class_list":["post-11","page","type-page","status-publish","hentry"],"_links":{"self":[{"href":"https:\/\/christellebes.com\/index.php\/wp-json\/wp\/v2\/pages\/11","targetHints":{"allow":["GET"]}}],"collection":[{"href":"https:\/\/christellebes.com\/index.php\/wp-json\/wp\/v2\/pages"}],"about":[{"href":"https:\/\/christellebes.com\/index.php\/wp-json\/wp\/v2\/types\/page"}],"author":[{"embeddable":true,"href":"https:\/\/christellebes.com\/index.php\/wp-json\/wp\/v2\/users\/1"}],"replies":[{"embeddable":true,"href":"https:\/\/christellebes.com\/index.php\/wp-json\/wp\/v2\/comments?post=11"}],"version-history":[{"count":48,"href":"https:\/\/christellebes.com\/index.php\/wp-json\/wp\/v2\/pages\/11\/revisions"}],"predecessor-version":[{"id":1047,"href":"https:\/\/christellebes.com\/index.php\/wp-json\/wp\/v2\/pages\/11\/revisions\/1047"}],"wp:attachment":[{"href":"https:\/\/christellebes.com\/index.php\/wp-json\/wp\/v2\/media?parent=11"}],"curies":[{"name":"wp","href":"https:\/\/api.w.org\/{rel}","templated":true}]}}