{"id":15,"date":"2023-01-14T09:43:46","date_gmt":"2023-01-14T08:43:46","guid":{"rendered":"http:\/\/christellebes.com\/?page_id=15"},"modified":"2023-01-17T16:09:38","modified_gmt":"2023-01-17T15:09:38","slug":"formation","status":"publish","type":"page","link":"https:\/\/christellebes.com\/index.php\/formation\/","title":{"rendered":"Formation"},"content":{"rendered":"\n<figure class=\"wp-block-image size-full is-resized\"><img loading=\"lazy\" decoding=\"async\" src=\"https:\/\/christellebes.com\/wp-content\/uploads\/2023\/01\/reconversion_professionnelle-1.jpg\" alt=\"\" class=\"wp-image-138\" width=\"335\" height=\"64\" srcset=\"https:\/\/christellebes.com\/wp-content\/uploads\/2023\/01\/reconversion_professionnelle-1.jpg 447w, https:\/\/christellebes.com\/wp-content\/uploads\/2023\/01\/reconversion_professionnelle-1-300x57.jpg 300w\" sizes=\"auto, (max-width: 335px) 100vw, 335px\" \/><\/figure>\n\n\n\n<p class=\"has-text-color\" style=\"color:#068e6e\"><strong>2022 :<\/strong> <strong>Mooc Jardiner avec le vivant <\/strong>&#8211; Tela Botanica  <\/p>\n\n\n\n<p class=\"has-text-color\" style=\"color:#068e6e\"><strong>2022 : Master II Biodiversit\u00e9, \u00c9cologie, \u00c9volution<\/strong> &#8211; <em>Mention assez bien<\/em> &#8211; Universit\u00e9 Scientifique d&rsquo;Aix Marseille (CTES) &#8211; <em>Parcours : biodiversit\u00e9 : fonctions et conservation. <\/em><\/p>\n\n\n\n<p class=\"has-text-color\" style=\"color:#068e6e\"><strong>2019 &#8211; 2021 : Master I Biodiversit\u00e9, \u00c9cologie, \u00c9volution <\/strong>&#8211; Universit\u00e9 Scientifique d&rsquo;Aix Marseille (CTES : \u00e9tudes \u00e0 distance)<\/p>\n\n\n\n<p class=\"has-text-color\" style=\"color:#068e6e\"><strong>2018 : Mooc Herbes folles &#8211; <\/strong>Tela Botanica<\/p>\n\n\n\n<p class=\"has-text-color\" style=\"color:#068e6e\"><strong>2017 : Licence Sciences de la Vie, parcours : Biologie des Organismes et \u00c9volution &#8211;<\/strong> Universit\u00e9 Scientifique d&rsquo;Aix Marseille (CTES : \u00e9tudes \u00e0 distance)<\/p>\n\n\n\n<p class=\"has-text-color\" style=\"color:#068e6e\"><strong>2016 : Mooc Botanique : <\/strong>Tela Botanica<\/p>\n\n\n\n<p class=\"has-text-color\" style=\"color:#068e6e\"><strong>2016 : BTSA Gestion et Protection de la Nature<\/strong> &#8211; Mention Assez Bien &#8211; \u00c9cole Sup\u00e9rieure d&rsquo;Agriculture d&rsquo;Angers (Etudes \u00e0 distance)<\/p>\n\n\n\n<p><strong>2004 : <\/strong> <strong>DESS Applications Informatiques \u00e0 la Gestion \u00c9conomique et Sociale<\/strong> &#8211; Mention Assez Bien &#8211; Universit\u00e9 Paris Diderot (Design \/ Programmation \/ Algorythmique \/ Gestion de projets informatiques \/ Son ) (75)<\/p>\n\n\n\n<p><strong>2003 : Dipl\u00f4me d&rsquo;\u00c9cole Sup\u00e9rieure de Commerce <\/strong>&#8211; Majeure Marketing Grande Consommation &#8211; Fili\u00e8re Commerce International &#8211; Grenoble \u00c9cole de Management (38)<\/p>\n\n\n\n<p><strong>2000 : DUT Techniques de Commercialisation <\/strong>&#8211; IUT de Cergy Pontoise &#8211; site de Sarcelles (95)<\/p>\n","protected":false},"excerpt":{"rendered":"<p>2022 : Mooc Jardiner avec le vivant &#8211; Tela Botanica 2022 : Master II Biodiversit\u00e9, \u00c9cologie, \u00c9volution &#8211; Mention assez bien &#8211; Universit\u00e9 Scientifique d&rsquo;Aix Marseille (CTES) &#8211; Parcours : biodiversit\u00e9 : fonctions et conservation. 2019 &#8211; 2021 : Master I Biodiversit\u00e9, \u00c9cologie, \u00c9volution &#8211; Universit\u00e9 Scientifique d&rsquo;Aix Marseille (CTES : \u00e9tudes \u00e0 distance) 2018 [&hellip;]<\/p>\n","protected":false},"author":1,"featured_media":0,"parent":0,"menu_order":3,"comment_status":"closed","ping_status":"closed","template":"","meta":{"footnotes":""},"class_list":["post-15","page","type-page","status-publish","hentry"],"_links":{"self":[{"href":"https:\/\/christellebes.com\/index.php\/wp-json\/wp\/v2\/pages\/15","targetHints":{"allow":["GET"]}}],"collection":[{"href":"https:\/\/christellebes.com\/index.php\/wp-json\/wp\/v2\/pages"}],"about":[{"href":"https:\/\/christellebes.com\/index.php\/wp-json\/wp\/v2\/types\/page"}],"author":[{"embeddable":true,"href":"https:\/\/christellebes.com\/index.php\/wp-json\/wp\/v2\/users\/1"}],"replies":[{"embeddable":true,"href":"https:\/\/christellebes.com\/index.php\/wp-json\/wp\/v2\/comments?post=15"}],"version-history":[{"count":8,"href":"https:\/\/christellebes.com\/index.php\/wp-json\/wp\/v2\/pages\/15\/revisions"}],"predecessor-version":[{"id":141,"href":"https:\/\/christellebes.com\/index.php\/wp-json\/wp\/v2\/pages\/15\/revisions\/141"}],"wp:attachment":[{"href":"https:\/\/christellebes.com\/index.php\/wp-json\/wp\/v2\/media?parent=15"}],"curies":[{"name":"wp","href":"https:\/\/api.w.org\/{rel}","templated":true}]}}