{"id":160,"date":"2023-01-17T13:40:06","date_gmt":"2023-01-17T12:40:06","guid":{"rendered":"http:\/\/christellebes.com\/?page_id=160"},"modified":"2024-12-17T21:48:02","modified_gmt":"2024-12-17T20:48:02","slug":"experiences-en-environnement","status":"publish","type":"page","link":"https:\/\/christellebes.com\/index.php\/experiences\/experiences-en-environnement\/","title":{"rendered":"Exp\u00e9riences dans l&rsquo;environnement"},"content":{"rendered":"\n<h2 class=\"wp-block-heading has-medium-font-size\">Mots cl\u00e9s  : Naturaliste &#8211; Scientifique &#8211; Animation<\/h2>\n\n\n\n<p class=\"has-text-color has-link-color wp-elements-5824af7f00ece8647b7b8833a1ddb9bd\" style=\"color:#029c83\"><strong>2024 : Charg\u00e9e d\u2019\u00e9tudes naturaliste<\/strong>&nbsp;Ornithologue, Botanique (8 mois)<\/p>\n\n\n\n<p><em>Association A\u00e9ro Biodiversit\u00e9 (94)<\/em>&nbsp;\u2013&nbsp;<em>La Biodiversit\u00e9 des plateformes a\u00e9roportuaires<\/em><\/p>\n\n\n\n<ul class=\"wp-block-list\">\n<li>Inventaires naturalistes (Principalement ornithologues, protocole EPOC, Repasse \u00e9coute nocturne, mais aussi botanique L\u00e9pidopt\u00e8res (5\u2019count, lepiled, opportunistes), Hym\u00e9nopt\u00e8res, Dipt\u00e8res, Gast\u00e9ropodes, Mammif\u00e8res, Avifaune) sur les prairies a\u00e9roportuaires de 8 plateformes (Bretagne, Ile de France, Pays de la Loire).<\/li>\n\n\n\n<li>Animation : cr\u00e9ation d\u2019une journ\u00e9e r\u00e9gionale de la biodiversit\u00e9 des a\u00e9roports en Bretagne avec pr\u00e9sentations et visites terrain. Journ\u00e9e de la biodiversit\u00e9 Orly (stand et animations \u00e0 destination de 80 enfants), Co-cr\u00e9ation d\u2019un jeu de soci\u00e9t\u00e9 autour de la gestion des espaces verts a\u00e9roportuaires, Cabinet de curiosit\u00e9s, Sciences Participatives et sensibilisation (adultes)<\/li>\n\n\n\n<li>Saisie de donn\u00e9es dans une Base de Donn\u00e9es, Cartographie sur QGIS, Bibliographie<\/li>\n\n\n\n<li>R\u00e9daction de 8 rapports destin\u00e9s aux plateformes a\u00e9roportuaires (Contexte, Bilan, Conseils de Gestion)<\/li>\n<\/ul>\n\n\n\n<p class=\"has-text-color\" style=\"color:#029c83\"><strong>2023 : Charg\u00e9e d&rsquo;\u00e9tudes naturaliste<\/strong> Botanique, faune (8 mois)<\/p>\n\n\n\n<p><em>Association A\u00e9ro Biodiversit\u00e9 (94)<\/em> &#8211; <em>La Biodiversit\u00e9 des plateformes a\u00e9roportuaires<\/em><\/p>\n\n\n\n<ul class=\"wp-block-list\">\n<li>Inventaires naturalistes (Principalement Botaniques mais aussi L\u00e9pidopt\u00e8res, Hym\u00e9nopt\u00e8res, Dipt\u00e8res, Gast\u00e9ropodes, Mammif\u00e8res, Avifaune) sur les prairies a\u00e9roportuaires de 7 plateformes (Bretagne, Ile de France, Picardie).<\/li>\n\n\n\n<li>Animations Nature Insectes (scolaires du CP au CM2), Journ\u00e9e de la biodiversit\u00e9 A\u00e9roports De Paris (adultes), Sciences Participatives et sensibilisation (adultes)<\/li>\n\n\n\n<li>Saisie de donn\u00e9es dans une Base de Donn\u00e9es, Cartographie sur QGIS, Bibliographie<\/li>\n\n\n\n<li>R\u00e9daction de 7 rapports destin\u00e9s aux plateformes a\u00e9roportuaires (Contexte, Bilan, Conseils de Gestion)<\/li>\n<\/ul>\n\n\n\n<p class=\"has-text-color\" style=\"color:#029c83\"><strong>2022 : Stage \u2013 \u00c9valuation des ressources florales pour les pollinisateurs sauvages et domestiques<\/strong>&nbsp;(6 mois)<\/p>\n\n\n\n<p class=\"has-black-color has-text-color\"><em>Association d\u2019Agro\u00e9cologie \u00ab&nbsp;Hommes et Territoires&nbsp;\u00bb (Orl\u00e9ans, 45)<\/em> &#8211; <a href=\"https:\/\/christellebes.com\/index.php\/recommandations\/#hommes-et-territoires\">voir recommandation<\/a><\/p>\n\n\n\n<ul class=\"wp-block-list\">\n<li>Inventaires botaniques et interactions plantes \/ pollinisateurs en milieux agricole, forestier, humide.<\/li>\n\n\n\n<li>Comparaison de protocoles de suivi afin d\u2019identifier le meilleur ratio temps \/ pr\u00e9cision<\/li>\n\n\n\n<li>Suivi de ruchers (balances connect\u00e9es)<\/li>\n\n\n\n<li>\u00c9changes avec les agriculteurs, apiculteurs, partenaires. Conseils de gestion favorables aux pollinisateurs<\/li>\n\n\n\n<li>Bibliographie, cartographie (Qgis), analyse (Rstudio), r\u00e9daction des r\u00e9sultats, interpr\u00e9tation<\/li>\n<\/ul>\n\n\n\n<p class=\"has-text-color\" style=\"color:#029c83\"><strong>2024 : Animations Nature dans les \u00e9coles, centres de loisirs, villes<\/strong>\u00a0(5 ans)<\/p>\n\n\n\n<p><em>Micro entreprise&nbsp;<a href=\"https:\/\/www.unecigaledanslafourmiliere.com\/\">https:\/\/www.unecigaledanslafourmiliere.com<\/a>&nbsp;(93, 77, 95)<\/em> &#8211; <a href=\"https:\/\/christellebes.com\/index.php\/recommandations\/#cigale\">voir recommandation<\/a><\/p>\n\n\n\n<ul class=\"wp-block-list\">\n<li>Animations d\u2019\u00c9ducation \u00e0 l\u2019Environnement (pollinisateurs sauvages, oiseaux, abeilles domestique, fourmis, papillons, h\u00e9rissons, d\u00e9chets)<\/li>\n\n\n\n<li>Conception de supports (Pr\u00e9sentations, Panneaux, divers)<\/li>\n\n\n\n<li>Cr\u00e9ation et mise \u00e0 jour du site web, de flyers<\/li>\n\n\n\n<li>Comptabilit\u00e9<\/li>\n<\/ul>\n\n\n\n<p class=\"has-text-color\" style=\"color:#029c83\"><strong>2021 : Stage naturaliste (2 mois)<\/strong><\/p>\n\n\n\n<p><em>Amicale Naturalistes des Coteaux d\u2019Avron (93)<\/em><\/p>\n\n\n\n<ul class=\"wp-block-list\">\n<li>Inventaires amphibiens (bibliographie, analyse, r\u00e9daction des r\u00e9sultats)<\/li>\n\n\n\n<li>Inventaires botanique<\/li>\n\n\n\n<li>Inventaires avifaune (Bondr\u00e9e apivore)<\/li>\n<\/ul>\n\n\n\n<p class=\"has-text-color\" style=\"color:#029c83\"><strong>2020 : Membre du bureau associatif jardin partag\u00e9s et apiculture (3 ans )<\/strong><\/p>\n\n\n\n<p><em>Les mains de Jardin <a href=\"https:\/\/www.facebook.com\/mainsdejardin.asso\/\">https:\/\/www.facebook.com\/mainsdejardin.asso\/<\/a><\/em> (93)<\/p>\n\n\n\n<ul class=\"wp-block-list\">\n<li>Jardiner avec le vivant (sans apport, permaculture, apiculture, herbes folles)<\/li>\n\n\n\n<li>Apiculture<\/li>\n\n\n\n<li>Blog<\/li>\n\n\n\n<li>Ateliers nature (semis, nichoirs \u00e0 oiseaux, r\u00e9cup, boutures, engrais naturels, inventaires avifaune, amphibiens etc\u2026)<\/li>\n<\/ul>\n\n\n\n<p class=\"has-text-color\" style=\"color:#029c83\"><strong>2015 \u2013 2017 : Chantiers nature (taille, fauche, cr\u00e9ation de mare)<\/strong>,&nbsp;<strong>sorties naturalistes<\/strong><\/p>\n\n\n\n<ul class=\"wp-block-list\">\n<li>Les Blongios (59) : Cayeux sur mer, citadelle de Lille<\/li>\n\n\n\n<li>Maison de la p\u00eache et de la nature de Roubaix (59)<\/li>\n\n\n\n<li>Conservatoire d\u2019Espaces Naturels de la Picardie (60)<\/li>\n\n\n\n<li>LPO (avifaune urbaine, nocturne)<\/li>\n\n\n\n<li>GON (Groupement Ornithologique du Nord) : bagage<\/li>\n<\/ul>\n\n\n\n<p class=\"has-text-color\" style=\"color:#029c83\"><strong>2015 : Stage Naturaliste Natura 2000 (3 mois)<\/strong> &#8211; <a href=\"https:\/\/christellebes.com\/index.php\/recommandations\/#pnr\">voir recommandation<\/a><\/p>\n\n\n\n<p><em>Parc Naturel R\u00e9gional Scarpe Escaut (59)<\/em><\/p>\n\n\n\n<p>Inventaires du Triton Cr\u00eat\u00e9 et du Vertigo de Des Moulins sur des sites Natura 2000 en milieu agricole, bocage, zone humide<\/p>\n\n\n\n<ul class=\"wp-block-list has-black-color has-text-color\">\n<li>Prospection des mares de 3 sites (localisation, profondeur, forme) et Cartographie Qgis<\/li>\n\n\n\n<li>Inventaires botaniques, amphibiens (lampe torche, CMR), malacologiques<\/li>\n\n\n\n<li>R\u00e9alisation de profils de sols<\/li>\n\n\n\n<li>R\u00e9daction de fiches caract\u00e9ristiques de mares<\/li>\n\n\n\n<li>R\u00e9daction des r\u00e9sultats et recommandations pour le DOCOB<\/li>\n\n\n\n<li>Rencontre des agriculteurs et r\u00e9alisation d\u2019une animation \u00ab&nbsp;Tritons cr\u00eat\u00e9s&nbsp;\u00bb pour sensibiliser aux bonnes pratiques<\/li>\n<\/ul>\n","protected":false},"excerpt":{"rendered":"<p>Mots cl\u00e9s : Naturaliste &#8211; Scientifique &#8211; Animation 2024 : Charg\u00e9e d\u2019\u00e9tudes naturaliste&nbsp;Ornithologue, Botanique (8 mois) Association A\u00e9ro Biodiversit\u00e9 (94)&nbsp;\u2013&nbsp;La Biodiversit\u00e9 des plateformes a\u00e9roportuaires 2023 : Charg\u00e9e d&rsquo;\u00e9tudes naturaliste Botanique, faune (8 mois) Association A\u00e9ro Biodiversit\u00e9 (94) &#8211; La Biodiversit\u00e9 des plateformes a\u00e9roportuaires 2022 : Stage \u2013 \u00c9valuation des ressources florales pour les pollinisateurs sauvages [&hellip;]<\/p>\n","protected":false},"author":1,"featured_media":0,"parent":11,"menu_order":1,"comment_status":"closed","ping_status":"closed","template":"","meta":{"footnotes":""},"class_list":["post-160","page","type-page","status-publish","hentry"],"_links":{"self":[{"href":"https:\/\/christellebes.com\/index.php\/wp-json\/wp\/v2\/pages\/160","targetHints":{"allow":["GET"]}}],"collection":[{"href":"https:\/\/christellebes.com\/index.php\/wp-json\/wp\/v2\/pages"}],"about":[{"href":"https:\/\/christellebes.com\/index.php\/wp-json\/wp\/v2\/types\/page"}],"author":[{"embeddable":true,"href":"https:\/\/christellebes.com\/index.php\/wp-json\/wp\/v2\/users\/1"}],"replies":[{"embeddable":true,"href":"https:\/\/christellebes.com\/index.php\/wp-json\/wp\/v2\/comments?post=160"}],"version-history":[{"count":14,"href":"https:\/\/christellebes.com\/index.php\/wp-json\/wp\/v2\/pages\/160\/revisions"}],"predecessor-version":[{"id":1074,"href":"https:\/\/christellebes.com\/index.php\/wp-json\/wp\/v2\/pages\/160\/revisions\/1074"}],"up":[{"embeddable":true,"href":"https:\/\/christellebes.com\/index.php\/wp-json\/wp\/v2\/pages\/11"}],"wp:attachment":[{"href":"https:\/\/christellebes.com\/index.php\/wp-json\/wp\/v2\/media?parent=160"}],"curies":[{"name":"wp","href":"https:\/\/api.w.org\/{rel}","templated":true}]}}