{"id":17,"date":"2023-01-14T09:44:27","date_gmt":"2023-01-14T08:44:27","guid":{"rendered":"http:\/\/christellebes.com\/?page_id=17"},"modified":"2023-01-31T13:07:19","modified_gmt":"2023-01-31T12:07:19","slug":"galerie-naturaliste","status":"publish","type":"page","link":"https:\/\/christellebes.com\/index.php\/galerie-naturaliste\/","title":{"rendered":"Galerie naturaliste"},"content":{"rendered":"\n<p>Voici une s\u00e9lection de photos prises lors de sorties naturalistes en France m\u00e9tropolitaine. Les manipulations ont toutes \u00e9t\u00e9 effectu\u00e9es lors de protocoles scientifiques, avec les autorisations r\u00e8glementaires requises. <\/p>\n\n\n\n<p>Cliquez sur la photo du taxon pour acc\u00e9der \u00e0 la galerie.<\/p>\n\n\n\n<h3 class=\"wp-block-heading\">Amphibiens<\/h3>\n\n\n\n<figure class=\"wp-block-image size-large is-resized\"><a href=\"https:\/\/christellebes.com\/index.php\/galerie-naturaliste\/amphibiens\/\"><img loading=\"lazy\" decoding=\"async\" src=\"https:\/\/christellebes.com\/wp-content\/uploads\/2023\/01\/triton_crete_femelle2-1024x935.jpg\" alt=\"\" class=\"wp-image-31\" width=\"305\" height=\"278\" srcset=\"https:\/\/christellebes.com\/wp-content\/uploads\/2023\/01\/triton_crete_femelle2-1024x935.jpg 1024w, https:\/\/christellebes.com\/wp-content\/uploads\/2023\/01\/triton_crete_femelle2-300x274.jpg 300w, https:\/\/christellebes.com\/wp-content\/uploads\/2023\/01\/triton_crete_femelle2-768x701.jpg 768w, https:\/\/christellebes.com\/wp-content\/uploads\/2023\/01\/triton_crete_femelle2-1536x1403.jpg 1536w, https:\/\/christellebes.com\/wp-content\/uploads\/2023\/01\/triton_crete_femelle2.jpg 1916w\" sizes=\"auto, (max-width: 305px) 100vw, 305px\" \/><\/a><\/figure>\n\n\n\n<h3 class=\"wp-block-heading\">Araign\u00e9es<\/h3>\n\n\n\n<figure class=\"wp-block-image size-large is-resized\"><a href=\"https:\/\/christellebes.com\/index.php\/galerie-naturaliste\/araignees\/\"><img loading=\"lazy\" decoding=\"async\" src=\"https:\/\/christellebes.com\/wp-content\/uploads\/2023\/01\/10-1024x852.jpg\" alt=\"\" class=\"wp-image-245\" width=\"306\" height=\"254\" srcset=\"https:\/\/christellebes.com\/wp-content\/uploads\/2023\/01\/10-1024x852.jpg 1024w, https:\/\/christellebes.com\/wp-content\/uploads\/2023\/01\/10-300x250.jpg 300w, https:\/\/christellebes.com\/wp-content\/uploads\/2023\/01\/10-768x639.jpg 768w, https:\/\/christellebes.com\/wp-content\/uploads\/2023\/01\/10-1536x1278.jpg 1536w, https:\/\/christellebes.com\/wp-content\/uploads\/2023\/01\/10.jpg 1653w\" sizes=\"auto, (max-width: 306px) 100vw, 306px\" \/><\/a><\/figure>\n\n\n\n<h3 class=\"wp-block-heading\">Avifaune<\/h3>\n\n\n\n<figure class=\"wp-block-image size-large is-resized\"><a href=\"https:\/\/christellebes.com\/index.php\/galerie-naturaliste\/avifaune\/\"><img loading=\"lazy\" decoding=\"async\" src=\"https:\/\/christellebes.com\/wp-content\/uploads\/2023\/01\/geai_des_chenes-1024x852.jpg\" alt=\"\" class=\"wp-image-24\" width=\"305\" height=\"253\" srcset=\"https:\/\/christellebes.com\/wp-content\/uploads\/2023\/01\/geai_des_chenes-1024x852.jpg 1024w, https:\/\/christellebes.com\/wp-content\/uploads\/2023\/01\/geai_des_chenes-300x250.jpg 300w, https:\/\/christellebes.com\/wp-content\/uploads\/2023\/01\/geai_des_chenes-768x639.jpg 768w, https:\/\/christellebes.com\/wp-content\/uploads\/2023\/01\/geai_des_chenes-1536x1278.jpg 1536w, https:\/\/christellebes.com\/wp-content\/uploads\/2023\/01\/geai_des_chenes.jpg 1653w\" sizes=\"auto, (max-width: 305px) 100vw, 305px\" \/><\/a><\/figure>\n\n\n\n<h3 class=\"wp-block-heading\">Botanique<\/h3>\n\n\n\n<figure class=\"wp-block-image size-large is-resized\"><a href=\"https:\/\/christellebes.com\/index.php\/galerie-naturaliste\/botanique\/\"><img loading=\"lazy\" decoding=\"async\" src=\"https:\/\/christellebes.com\/wp-content\/uploads\/2023\/01\/orchis_sp-1024x852.jpg\" alt=\"\" class=\"wp-image-299\" width=\"307\" height=\"254\" srcset=\"https:\/\/christellebes.com\/wp-content\/uploads\/2023\/01\/orchis_sp-1024x852.jpg 1024w, https:\/\/christellebes.com\/wp-content\/uploads\/2023\/01\/orchis_sp-768x639.jpg 768w, https:\/\/christellebes.com\/wp-content\/uploads\/2023\/01\/orchis_sp-1536x1278.jpg 1536w, https:\/\/christellebes.com\/wp-content\/uploads\/2023\/01\/orchis_sp.jpg 1653w\" sizes=\"auto, (max-width: 307px) 100vw, 307px\" \/><\/a><\/figure>\n\n\n\n<h3 class=\"wp-block-heading\">Dipt\u00e8res<\/h3>\n\n\n\n<figure class=\"wp-block-image size-full is-resized\"><a href=\"https:\/\/christellebes.com\/index.php\/dipteres\/\"><img loading=\"lazy\" decoding=\"async\" src=\"https:\/\/christellebes.com\/wp-content\/uploads\/2023\/01\/196486129_10158460825561472_3563829263826618014_n.jpg\" alt=\"\" class=\"wp-image-28\" width=\"308\" height=\"403\" srcset=\"https:\/\/christellebes.com\/wp-content\/uploads\/2023\/01\/196486129_10158460825561472_3563829263826618014_n.jpg 734w, https:\/\/christellebes.com\/wp-content\/uploads\/2023\/01\/196486129_10158460825561472_3563829263826618014_n-229x300.jpg 229w\" sizes=\"auto, (max-width: 308px) 100vw, 308px\" \/><\/a><\/figure>\n\n\n\n<h3 class=\"wp-block-heading\">Hym\u00e9nopt\u00e8res<\/h3>\n\n\n\n<figure class=\"wp-block-image size-large is-resized\"><a href=\"https:\/\/christellebes.com\/index.php\/galerie-naturaliste\/hymenopteres\/\"><img loading=\"lazy\" decoding=\"async\" src=\"https:\/\/christellebes.com\/wp-content\/uploads\/2023\/01\/sp16-1024x852.jpg\" alt=\"\" class=\"wp-image-367\" width=\"313\" height=\"259\" srcset=\"https:\/\/christellebes.com\/wp-content\/uploads\/2023\/01\/sp16-1024x852.jpg 1024w, https:\/\/christellebes.com\/wp-content\/uploads\/2023\/01\/sp16-768x639.jpg 768w, https:\/\/christellebes.com\/wp-content\/uploads\/2023\/01\/sp16-1536x1278.jpg 1536w, https:\/\/christellebes.com\/wp-content\/uploads\/2023\/01\/sp16.jpg 1653w\" sizes=\"auto, (max-width: 313px) 100vw, 313px\" \/><\/a><\/figure>\n\n\n\n<h3 class=\"wp-block-heading\">L\u00e9pidopt\u00e8res<\/h3>\n\n\n\n<figure class=\"wp-block-image size-large is-resized\"><a href=\"https:\/\/christellebes.com\/index.php\/lepidopteres\/\"><img loading=\"lazy\" decoding=\"async\" src=\"https:\/\/christellebes.com\/wp-content\/uploads\/2023\/01\/Iphiclides_podalirius_L_flambe-1024x852.jpg\" alt=\"\" class=\"wp-image-25\" width=\"313\" height=\"260\" srcset=\"https:\/\/christellebes.com\/wp-content\/uploads\/2023\/01\/Iphiclides_podalirius_L_flambe-1024x852.jpg 1024w, https:\/\/christellebes.com\/wp-content\/uploads\/2023\/01\/Iphiclides_podalirius_L_flambe-300x250.jpg 300w, https:\/\/christellebes.com\/wp-content\/uploads\/2023\/01\/Iphiclides_podalirius_L_flambe-768x639.jpg 768w, https:\/\/christellebes.com\/wp-content\/uploads\/2023\/01\/Iphiclides_podalirius_L_flambe-1536x1278.jpg 1536w, https:\/\/christellebes.com\/wp-content\/uploads\/2023\/01\/Iphiclides_podalirius_L_flambe.jpg 1653w\" sizes=\"auto, (max-width: 313px) 100vw, 313px\" \/><\/a><\/figure>\n\n\n\n<h3 class=\"wp-block-heading\">Reptiles<\/h3>\n\n\n\n<figure class=\"wp-block-image size-large is-resized\"><a href=\"https:\/\/christellebes.com\/index.php\/reptiles\/\"><img loading=\"lazy\" decoding=\"async\" src=\"https:\/\/christellebes.com\/wp-content\/uploads\/2023\/01\/1-4-1024x852.jpg\" alt=\"\" class=\"wp-image-379\" width=\"311\" height=\"258\" srcset=\"https:\/\/christellebes.com\/wp-content\/uploads\/2023\/01\/1-4-1024x852.jpg 1024w, https:\/\/christellebes.com\/wp-content\/uploads\/2023\/01\/1-4-300x250.jpg 300w, https:\/\/christellebes.com\/wp-content\/uploads\/2023\/01\/1-4-768x639.jpg 768w, https:\/\/christellebes.com\/wp-content\/uploads\/2023\/01\/1-4-1536x1278.jpg 1536w, https:\/\/christellebes.com\/wp-content\/uploads\/2023\/01\/1-4.jpg 1653w\" sizes=\"auto, (max-width: 311px) 100vw, 311px\" \/><\/a><\/figure>\n\n\n\n<h3 class=\"wp-block-heading\">Odonates<\/h3>\n\n\n\n<figure class=\"wp-block-image size-large is-resized\"><a href=\"https:\/\/christellebes.com\/index.php\/odonates\/\"><img loading=\"lazy\" decoding=\"async\" src=\"https:\/\/christellebes.com\/wp-content\/uploads\/2023\/01\/P1010173-1024x768.jpg\" alt=\"\" class=\"wp-image-29\" width=\"306\" height=\"229\" srcset=\"https:\/\/christellebes.com\/wp-content\/uploads\/2023\/01\/P1010173-1024x768.jpg 1024w, https:\/\/christellebes.com\/wp-content\/uploads\/2023\/01\/P1010173-300x225.jpg 300w, https:\/\/christellebes.com\/wp-content\/uploads\/2023\/01\/P1010173-768x576.jpg 768w, https:\/\/christellebes.com\/wp-content\/uploads\/2023\/01\/P1010173-1536x1152.jpg 1536w, https:\/\/christellebes.com\/wp-content\/uploads\/2023\/01\/P1010173-2048x1536.jpg 2048w\" sizes=\"auto, (max-width: 306px) 100vw, 306px\" \/><\/a><\/figure>\n","protected":false},"excerpt":{"rendered":"<p>Voici une s\u00e9lection de photos prises lors de sorties naturalistes en France m\u00e9tropolitaine. Les manipulations ont toutes \u00e9t\u00e9 effectu\u00e9es lors de protocoles scientifiques, avec les autorisations r\u00e8glementaires requises. Cliquez sur la photo du taxon pour acc\u00e9der \u00e0 la galerie. Amphibiens Araign\u00e9es Avifaune Botanique Dipt\u00e8res Hym\u00e9nopt\u00e8res L\u00e9pidopt\u00e8res Reptiles Odonates<\/p>\n","protected":false},"author":1,"featured_media":0,"parent":0,"menu_order":4,"comment_status":"closed","ping_status":"closed","template":"","meta":{"footnotes":""},"class_list":["post-17","page","type-page","status-publish","hentry"],"_links":{"self":[{"href":"https:\/\/christellebes.com\/index.php\/wp-json\/wp\/v2\/pages\/17","targetHints":{"allow":["GET"]}}],"collection":[{"href":"https:\/\/christellebes.com\/index.php\/wp-json\/wp\/v2\/pages"}],"about":[{"href":"https:\/\/christellebes.com\/index.php\/wp-json\/wp\/v2\/types\/page"}],"author":[{"embeddable":true,"href":"https:\/\/christellebes.com\/index.php\/wp-json\/wp\/v2\/users\/1"}],"replies":[{"embeddable":true,"href":"https:\/\/christellebes.com\/index.php\/wp-json\/wp\/v2\/comments?post=17"}],"version-history":[{"count":20,"href":"https:\/\/christellebes.com\/index.php\/wp-json\/wp\/v2\/pages\/17\/revisions"}],"predecessor-version":[{"id":559,"href":"https:\/\/christellebes.com\/index.php\/wp-json\/wp\/v2\/pages\/17\/revisions\/559"}],"wp:attachment":[{"href":"https:\/\/christellebes.com\/index.php\/wp-json\/wp\/v2\/media?parent=17"}],"curies":[{"name":"wp","href":"https:\/\/api.w.org\/{rel}","templated":true}]}}