{"id":19,"date":"2023-01-14T09:44:46","date_gmt":"2023-01-14T08:44:46","guid":{"rendered":"http:\/\/christellebes.com\/?page_id=19"},"modified":"2023-01-26T20:17:05","modified_gmt":"2023-01-26T19:17:05","slug":"recommandations","status":"publish","type":"page","link":"https:\/\/christellebes.com\/index.php\/recommandations\/","title":{"rendered":"Recommandations"},"content":{"rendered":"\n<p>Vous retrouverez sur cette page les recommandations des personnes avec qui j&rsquo;ai pu travailler, des managers, PDG, personnes que j&rsquo;ai pu manager ou avec qui j&rsquo;ai collabor\u00e9 ou encore des coll\u00e8gues de bureau. <\/p>\n\n\n\n<h2 class=\"wp-block-heading\">Exp\u00e9riences naturalistes \/ scientifiques<\/h2>\n\n\n\n<p class=\"has-medium-font-size\" id=\"hommes-et-territoires\"><strong><a href=\"#hommes-et-territoires\">Association H (Hommes) et T (Territoires) <\/a><\/strong><\/p>\n\n\n\n<blockquote class=\"wp-block-quote is-layout-flow wp-block-quote-is-layout-flow\">\n<p>Christelle B\u00e8s a travaill\u00e9 \u00e0 l\u2019association Hommes et Territoires de mars \u00e0 septembre 2022 dans le cadre de son stage de fin d\u2019\u00e9tude de Master II. Au cours de son stage, Christelle \u00e9tait impliqu\u00e9e dans un projet de R&amp;D portant sur l\u2019\u00e9laboration d\u2019un outil d\u2019\u00e9valuation du potentiel nectarif\u00e8re pour les pollinisateurs sauvages et domestiques en milieu agricole Cet outil a pour but de conseiller les agriculteurs sur les changements de gestions et de nouvelles implantations susceptibles de favoriser les pollinisateurs sur leur exploitation. Christelle a su prendre en main cette th\u00e9matique assez rapidement et s&rsquo;est adapt\u00e9e et organis\u00e9e pour r\u00e9pondre aux besoins de terrains et d\u2019analyses.<br>Ce sujet de stage lui a permis de mobiliser des comp\u00e9tences de terrain \u00e0 travers diff\u00e9rents suivis de biodiversit\u00e9 :<br>inventaire botanique, suivis d\u2019interactions plantes \u2013 pollinisateurs et suivis de gain de production en miel (balances connect\u00e9es). Christelle a vite pris en main ce domaine d\u2019\u00e9tude et cet outil en mobilisant sa bonne aptitude d\u2019apprentissage et sa force de travail sur les domaines de la botaniques et du logiciel d\u2019analyse statistique R. Elle a \u00e9galement d\u00e9velopp\u00e9 des capacit\u00e9s de gestion de projet et de collaborations avec notamment des acteurs de la recherche et les agriculteurs impliqu\u00e9s dans les projets. Christelle a effectu\u00e9 ses fonctions avec motivation et enthousiasme et s\u2019est bien int\u00e9gr\u00e9e dans l\u2019\u00e9quipe. <br>Enfin, \u00e0 travers nos discussions et son travail, j\u2019ai pu appr\u00e9hender sa forte motivation et son engagement pour s\u2019impliquer dans des projets en lien avec la biodiversit\u00e9.<br>Pour conclure, je recommande Christelle B\u00e8s. <\/p>\n<cite>A.M, charg\u00e9e de mission<\/cite><\/blockquote>\n\n\n\n<p><\/p>\n\n\n\n<p class=\"has-medium-font-size\" id=\"pnr\"><strong><a href=\"#pnr\" data-type=\"internal\" data-id=\"#pnr\">Parc Naturel R\u00e9gional Scarpe Escaut<\/a><\/strong><\/p>\n\n\n\n<blockquote class=\"wp-block-quote is-layout-flow wp-block-quote-is-layout-flow\">\n<p>J&rsquo;ai r\u00e9alis\u00e9 l&rsquo;encadrement de Christelle pour un stage au sein du PNR Scarpe Escaut. Lors de ce stage, Christelle a d\u00e9velopp\u00e9 ses comp\u00e9tences naturalistes et de terrain (Flore, Amphibiens, Malacologie, profils de sols), et mis en pratique ses aptitudes organisationnelles, r\u00e9dactionnelles et sons sens du contact humain. Durant le temps pass\u00e9 chez nous, Christelle a fait preuve d&rsquo;assiduit\u00e9 et d&rsquo;enthousiasme dans la r\u00e9alisation de son travail. En outre, son approche aupr\u00e8s des \u00e9lus et des usagers s&rsquo;est av\u00e9r\u00e9e tr\u00e8s efficace et a permis d&rsquo;instaurer un climat de confiance envers la d\u00e9marche mise en \u0153uvre. Je recommande vivement Christelle pour un poste li\u00e9 \u00e0 la gestion et la protection de la nature. Ses aptitudes feront d&rsquo;elle une excellente employ\u00e9e. <\/p>\n<cite>J. B, charg\u00e9 de mission environnement au conseil d\u00e9partemental du Nord. <\/cite><\/blockquote>\n\n\n\n<h2 class=\"wp-block-heading\">Exp\u00e9rience de cr\u00e9ation d&rsquo;entreprise \/ Animation<\/h2>\n\n\n\n<p class=\"has-medium-font-size\" id=\"cigale\"><strong><a href=\"#cigale\">www.unecigaledanslafourmiliere.com<\/a><\/strong><\/p>\n\n\n\n<blockquote class=\"wp-block-quote is-layout-flow wp-block-quote-is-layout-flow\">\n<p>Christelle a cr\u00e9\u00e9 avec moi l&rsquo;entreprise d&rsquo;animations pour enfants www.unecigaledanslafourmiliere.com. Elle a g\u00e9r\u00e9 aussi bien la partie administrative li\u00e9e \u00e0 la cr\u00e9ation, l&rsquo;op\u00e9rationnel, ainsi que la comptabilit\u00e9, les fichiers clients, et la partie communication (site web, flyers). En outre, c&rsquo;est elle qui a cr\u00e9\u00e9 la totalit\u00e9 des animations naturalistes et leurs supports (pr\u00e9sentations, panneaux). Elle a aussi fait des animations dans des centres de loisirs ou dans des \u00e9coles qui ont \u00e9t\u00e9 appr\u00e9ci\u00e9es. Je recommande Christelle, tant pour sa vision entrepreneuriale que pour ses comp\u00e9tences scientifiques, p\u00e9dagogiques, cr\u00e9atives et sa bonne humeur. <\/p>\n<cite>C. T.,  co-fondateur www.unecigaledanslafourmiliere.com<\/cite><\/blockquote>\n\n\n\n<h2 class=\"wp-block-heading\">Exp\u00e9riences de Marketing \/ CRM \/ Management<\/h2>\n\n\n\n<p class=\"has-medium-font-size\" id=\"karavel\"><a href=\"#karavel\"><strong>Groupe Karavel &#8211; Promovacances (sites de croisi\u00e8res<\/strong>)<\/a><\/p>\n\n\n\n<blockquote class=\"wp-block-quote is-layout-flow wp-block-quote-is-layout-flow\">\n<p>Christelle a \u00e9t\u00e9 mon manager chez Promovacances en 2020. Elle a toujours \u00e9t\u00e9 \u00e0 l&rsquo;\u00e9coute et bienveillante. Elle a su me former et m&rsquo;accompagner tout au long de mon exp\u00e9rience de charg\u00e9e de projets newsletter et merchandising au sein de Karavel. <\/p>\n<cite>L. S, Junior Consultant &#8211; Waisso.com, digital agency<\/cite><\/blockquote>\n\n\n\n<blockquote class=\"wp-block-quote is-layout-flow wp-block-quote-is-layout-flow\">\n<p>Christelle a \u00e9t\u00e9 mon manager chez Karavel &#8211; Promovacances. Mon cadre de travail \u00e9tait agr\u00e9able et elle a su me faire monter en comp\u00e9tences sur des probl\u00e9matiques de marketing direct et de CRM. <\/p>\n<cite>M. C, chef de projet CRM, Easy Cash<\/cite><\/blockquote>\n\n\n\n<blockquote class=\"wp-block-quote is-layout-flow wp-block-quote-is-layout-flow\">\n<p>En qualit\u00e9 de responsable design du p\u00f4le Croisi\u00e8res au sein du groupe Karavel, j&rsquo;ai travaill\u00e9 avec Christelle sur de nombreux projets allant de la refonte du site web abcroisi\u00e8re \u00e0 des newsletters ainsi que des landing pages mobiles. J&rsquo;ai appr\u00e9ci\u00e9 notre collaboration, Christelle sait mener un projet avec diff\u00e9rents interlocuteurs et mener \u00e0 bien ses missions. \u00ab\u00a0<\/p>\n<cite>G.A Responsable Design p\u00f4le Croisi\u00e8res <\/cite><\/blockquote>\n\n\n\n<blockquote class=\"wp-block-quote is-layout-flow wp-block-quote-is-layout-flow\">\n<p>J&rsquo;ai c\u00f4toy\u00e9 Christelle pendant des ann\u00e9es au sein de Karavel &#8211; Promovacances et je l&rsquo;ai vue passer de chef de projet emailing \u00e0 responsable marketing croisi\u00e8res. Son s\u00e9rieux et sa capacit\u00e9 \u00e0 g\u00e9rer des projets \u00e9taient reconnus de tous dans l&rsquo;entreprises. C&rsquo;\u00e9tait en outre une coll\u00e8gue sympathique que tout le monde appr\u00e9ciait. Je recommande Christelle sans h\u00e9sitation.<\/p>\n<cite>S. A, Proximity (Pampers) Experimentation and Growth Hacking Lead<\/cite><\/blockquote>\n\n\n\n<blockquote class=\"wp-block-quote is-layout-flow wp-block-quote-is-layout-flow\">\n<p>Christelle a toujours su travailler en parfaite autonomie, avec s\u00e9rieux et efficacit\u00e9, s\u2019int\u00e9grant parfaitement \u00e0 l\u2019\u00e9quipe. Je la recommanderai sans h\u00e9sitation \u00e0 tout futur employeur.<\/p>\n<cite>A. d. M, PDG du groupe Karavel &#8211; Promovacances<\/cite><\/blockquote>\n\n\n\n<p class=\"has-medium-font-size\" id=\"rueducommerce\"><strong>RueDuCommerce.com<\/strong><\/p>\n\n\n\n<blockquote class=\"wp-block-quote is-layout-flow wp-block-quote-is-layout-flow\">\n<p>J&rsquo;ai recrut\u00e9 Christelle chez RueDuCommerce au poste de Cheffe de projet CRM. J&rsquo;ai eu beaucoup de plaisir \u00e0 la manager : c&rsquo;est une personne volontaire, agile, qui se mobilise pour l&rsquo;\u00e9quipe et l&rsquo;entreprise, et qui a \u00e0 coeur de r\u00e9ussir dans ses missions. Je la recommande donc vivement, tant pour ses qualit\u00e9s personnelles que professionnelles.<\/p>\n<cite>V. A, ancienne directrice marketing de RueDuCommerce. Co-fondatrice de Balinea et fondatrice de Sylex.<\/cite><\/blockquote>\n\n\n\n<blockquote class=\"wp-block-quote is-layout-flow wp-block-quote-is-layout-flow\">\n<p>Christelle a \u00e9t\u00e9 mon manager chez rueducommerce.com. Elle m&rsquo;a permis d&rsquo;apprendre le m\u00e9tier de chef de projet webmarketing. J&rsquo;ai appr\u00e9ci\u00e9 travailler avec elle car elle poss\u00e8de de belles qualit\u00e9 humaines ainsi que de tr\u00e8s bonnes comp\u00e9tences en management. <\/p>\n<cite>B. T ing\u00e9nieur consultant chez Capgemini.<\/cite><\/blockquote>\n","protected":false},"excerpt":{"rendered":"<p>Vous retrouverez sur cette page les recommandations des personnes avec qui j&rsquo;ai pu travailler, des managers, PDG, personnes que j&rsquo;ai pu manager ou avec qui j&rsquo;ai collabor\u00e9 ou encore des coll\u00e8gues de bureau. Exp\u00e9riences naturalistes \/ scientifiques Association H (Hommes) et T (Territoires) Christelle B\u00e8s a travaill\u00e9 \u00e0 l\u2019association Hommes et Territoires de mars \u00e0 [&hellip;]<\/p>\n","protected":false},"author":1,"featured_media":0,"parent":0,"menu_order":5,"comment_status":"closed","ping_status":"closed","template":"","meta":{"footnotes":""},"class_list":["post-19","page","type-page","status-publish","hentry"],"_links":{"self":[{"href":"https:\/\/christellebes.com\/index.php\/wp-json\/wp\/v2\/pages\/19","targetHints":{"allow":["GET"]}}],"collection":[{"href":"https:\/\/christellebes.com\/index.php\/wp-json\/wp\/v2\/pages"}],"about":[{"href":"https:\/\/christellebes.com\/index.php\/wp-json\/wp\/v2\/types\/page"}],"author":[{"embeddable":true,"href":"https:\/\/christellebes.com\/index.php\/wp-json\/wp\/v2\/users\/1"}],"replies":[{"embeddable":true,"href":"https:\/\/christellebes.com\/index.php\/wp-json\/wp\/v2\/comments?post=19"}],"version-history":[{"count":29,"href":"https:\/\/christellebes.com\/index.php\/wp-json\/wp\/v2\/pages\/19\/revisions"}],"predecessor-version":[{"id":542,"href":"https:\/\/christellebes.com\/index.php\/wp-json\/wp\/v2\/pages\/19\/revisions\/542"}],"wp:attachment":[{"href":"https:\/\/christellebes.com\/index.php\/wp-json\/wp\/v2\/media?parent=19"}],"curies":[{"name":"wp","href":"https:\/\/api.w.org\/{rel}","templated":true}]}}