{"id":266,"date":"2023-01-20T16:25:18","date_gmt":"2023-01-20T15:25:18","guid":{"rendered":"http:\/\/christellebes.com\/?page_id=266"},"modified":"2024-12-11T13:27:12","modified_gmt":"2024-12-11T12:27:12","slug":"amphibiens","status":"publish","type":"page","link":"https:\/\/christellebes.com\/index.php\/galerie-naturaliste\/amphibiens\/","title":{"rendered":"Amphibiens"},"content":{"rendered":"\n<p>Les manipulations ont toutes \u00e9t\u00e9 effectu\u00e9es lors de protocoles scientifiques, avec les autorisations r\u00e8glementaires requises.<\/p>\n\n\n\n<h3 class=\"wp-block-heading\">Crapauds<\/h3>\n\n\n\n<figure class=\"wp-block-gallery has-nested-images columns-default is-cropped wp-block-gallery-1 is-layout-flex wp-block-gallery-is-layout-flex\">\n<figure class=\"wp-block-image size-large\"><img loading=\"lazy\" decoding=\"async\" width=\"1024\" height=\"852\" data-id=\"586\" src=\"https:\/\/christellebes.com\/wp-content\/uploads\/2023\/12\/Alyte_accoucheur-1024x852.jpg\" alt=\"\" class=\"wp-image-586\" srcset=\"https:\/\/christellebes.com\/wp-content\/uploads\/2023\/12\/Alyte_accoucheur-1024x852.jpg 1024w, https:\/\/christellebes.com\/wp-content\/uploads\/2023\/12\/Alyte_accoucheur-300x250.jpg 300w, https:\/\/christellebes.com\/wp-content\/uploads\/2023\/12\/Alyte_accoucheur-768x639.jpg 768w, https:\/\/christellebes.com\/wp-content\/uploads\/2023\/12\/Alyte_accoucheur-1536x1278.jpg 1536w, https:\/\/christellebes.com\/wp-content\/uploads\/2023\/12\/Alyte_accoucheur.jpg 1653w\" sizes=\"auto, (max-width: 1024px) 100vw, 1024px\" \/><figcaption class=\"wp-element-caption\">Alyte accoucheur &#8211; <em>Alytes obstetricans<\/em><\/figcaption><\/figure>\n\n\n\n<figure class=\"wp-block-image size-large\"><img loading=\"lazy\" decoding=\"async\" width=\"1024\" height=\"852\" data-id=\"254\" src=\"https:\/\/christellebes.com\/wp-content\/uploads\/2023\/01\/bufobufo-1024x852.jpg\" alt=\"\" class=\"wp-image-254\" srcset=\"https:\/\/christellebes.com\/wp-content\/uploads\/2023\/01\/bufobufo-1024x852.jpg 1024w, https:\/\/christellebes.com\/wp-content\/uploads\/2023\/01\/bufobufo-300x250.jpg 300w, https:\/\/christellebes.com\/wp-content\/uploads\/2023\/01\/bufobufo-768x639.jpg 768w, https:\/\/christellebes.com\/wp-content\/uploads\/2023\/01\/bufobufo-1536x1278.jpg 1536w, https:\/\/christellebes.com\/wp-content\/uploads\/2023\/01\/bufobufo.jpg 1653w\" sizes=\"auto, (max-width: 1024px) 100vw, 1024px\" \/><figcaption class=\"wp-element-caption\">Crapaud commun \u2013 <em>Bufo bufo<\/em><\/figcaption><\/figure>\n\n\n\n<figure class=\"wp-block-image size-large\"><img loading=\"lazy\" decoding=\"async\" width=\"1024\" height=\"852\" data-id=\"584\" src=\"https:\/\/christellebes.com\/wp-content\/uploads\/2023\/12\/bufoSpinosus-1024x852.jpg\" alt=\"Crapaud \u00e9pineux - Bufo spinosus\" class=\"wp-image-584\" srcset=\"https:\/\/christellebes.com\/wp-content\/uploads\/2023\/12\/bufoSpinosus-1024x852.jpg 1024w, https:\/\/christellebes.com\/wp-content\/uploads\/2023\/12\/bufoSpinosus-300x250.jpg 300w, https:\/\/christellebes.com\/wp-content\/uploads\/2023\/12\/bufoSpinosus-768x639.jpg 768w, https:\/\/christellebes.com\/wp-content\/uploads\/2023\/12\/bufoSpinosus-1536x1278.jpg 1536w, https:\/\/christellebes.com\/wp-content\/uploads\/2023\/12\/bufoSpinosus.jpg 1653w\" sizes=\"auto, (max-width: 1024px) 100vw, 1024px\" \/><figcaption class=\"wp-element-caption\">Crapaud \u00e9pineux &#8211; <em>Bufo spinosus<\/em><\/figcaption><\/figure>\n<\/figure>\n\n\n\n<h3 class=\"wp-block-heading\">Grenouilles<\/h3>\n\n\n\n<figure class=\"wp-block-gallery has-nested-images columns-default is-cropped wp-block-gallery-2 is-layout-flex wp-block-gallery-is-layout-flex\">\n<figure class=\"wp-block-image size-large\"><img loading=\"lazy\" decoding=\"async\" width=\"1024\" height=\"1024\" data-id=\"615\" src=\"https:\/\/christellebes.com\/wp-content\/uploads\/2024\/12\/Hyla_arborea_20240404_LAI_CB_1B-copie-1024x1024.jpg\" alt=\"\" class=\"wp-image-615\" srcset=\"https:\/\/christellebes.com\/wp-content\/uploads\/2024\/12\/Hyla_arborea_20240404_LAI_CB_1B-copie-1024x1024.jpg 1024w, https:\/\/christellebes.com\/wp-content\/uploads\/2024\/12\/Hyla_arborea_20240404_LAI_CB_1B-copie-300x300.jpg 300w, https:\/\/christellebes.com\/wp-content\/uploads\/2024\/12\/Hyla_arborea_20240404_LAI_CB_1B-copie-150x150.jpg 150w, https:\/\/christellebes.com\/wp-content\/uploads\/2024\/12\/Hyla_arborea_20240404_LAI_CB_1B-copie-768x768.jpg 768w, https:\/\/christellebes.com\/wp-content\/uploads\/2024\/12\/Hyla_arborea_20240404_LAI_CB_1B-copie-1536x1536.jpg 1536w, https:\/\/christellebes.com\/wp-content\/uploads\/2024\/12\/Hyla_arborea_20240404_LAI_CB_1B-copie-2048x2048.jpg 2048w\" sizes=\"auto, (max-width: 1024px) 100vw, 1024px\" \/><figcaption class=\"wp-element-caption\">Rainette verte &#8211; <em>Hyla arborea<\/em><\/figcaption><\/figure>\n\n\n\n<figure class=\"wp-block-image size-large\"><img loading=\"lazy\" decoding=\"async\" width=\"1024\" height=\"852\" data-id=\"595\" src=\"https:\/\/christellebes.com\/wp-content\/uploads\/2023\/12\/grenouille_rousse2-1024x852.jpg\" alt=\"\" class=\"wp-image-595\" srcset=\"https:\/\/christellebes.com\/wp-content\/uploads\/2023\/12\/grenouille_rousse2-1024x852.jpg 1024w, https:\/\/christellebes.com\/wp-content\/uploads\/2023\/12\/grenouille_rousse2-300x250.jpg 300w, https:\/\/christellebes.com\/wp-content\/uploads\/2023\/12\/grenouille_rousse2-768x639.jpg 768w, https:\/\/christellebes.com\/wp-content\/uploads\/2023\/12\/grenouille_rousse2-1536x1278.jpg 1536w, https:\/\/christellebes.com\/wp-content\/uploads\/2023\/12\/grenouille_rousse2.jpg 1653w\" sizes=\"auto, (max-width: 1024px) 100vw, 1024px\" \/><figcaption class=\"wp-element-caption\">Grenouille rousse \u2013 <em>Rana temporaria<\/em><\/figcaption><\/figure>\n\n\n\n<figure class=\"wp-block-image size-large\"><img loading=\"lazy\" decoding=\"async\" width=\"1024\" height=\"852\" data-id=\"596\" src=\"https:\/\/christellebes.com\/wp-content\/uploads\/2023\/12\/grenouille_verte-1024x852.jpg\" alt=\"\" class=\"wp-image-596\" srcset=\"https:\/\/christellebes.com\/wp-content\/uploads\/2023\/12\/grenouille_verte-1024x852.jpg 1024w, https:\/\/christellebes.com\/wp-content\/uploads\/2023\/12\/grenouille_verte-300x250.jpg 300w, https:\/\/christellebes.com\/wp-content\/uploads\/2023\/12\/grenouille_verte-768x639.jpg 768w, https:\/\/christellebes.com\/wp-content\/uploads\/2023\/12\/grenouille_verte-1536x1278.jpg 1536w, https:\/\/christellebes.com\/wp-content\/uploads\/2023\/12\/grenouille_verte.jpg 1653w\" sizes=\"auto, (max-width: 1024px) 100vw, 1024px\" \/><figcaption class=\"wp-element-caption\">Grenouille verte \u2013 <em>Pelophylax sp.<\/em><\/figcaption><\/figure>\n<\/figure>\n\n\n\n<h3 class=\"wp-block-heading\">Tritons, salamandre<\/h3>\n\n\n\n<figure class=\"wp-block-gallery has-nested-images columns-default is-cropped wp-block-gallery-3 is-layout-flex wp-block-gallery-is-layout-flex\">\n<figure class=\"wp-block-image size-large\"><img loading=\"lazy\" decoding=\"async\" width=\"1024\" height=\"852\" data-id=\"259\" src=\"https:\/\/christellebes.com\/wp-content\/uploads\/2023\/01\/triton_alpestre-1024x852.jpg\" alt=\"\" class=\"wp-image-259\" srcset=\"https:\/\/christellebes.com\/wp-content\/uploads\/2023\/01\/triton_alpestre-1024x852.jpg 1024w, https:\/\/christellebes.com\/wp-content\/uploads\/2023\/01\/triton_alpestre-300x250.jpg 300w, https:\/\/christellebes.com\/wp-content\/uploads\/2023\/01\/triton_alpestre-768x639.jpg 768w, https:\/\/christellebes.com\/wp-content\/uploads\/2023\/01\/triton_alpestre-1536x1278.jpg 1536w, https:\/\/christellebes.com\/wp-content\/uploads\/2023\/01\/triton_alpestre.jpg 1653w\" sizes=\"auto, (max-width: 1024px) 100vw, 1024px\" \/><figcaption class=\"wp-element-caption\">Triton alpestre \u2013 <em>Ichthyosaura alpestris<\/em><\/figcaption><\/figure>\n\n\n\n<figure class=\"wp-block-image size-large is-style-default\"><img loading=\"lazy\" decoding=\"async\" width=\"1024\" height=\"852\" data-id=\"599\" src=\"https:\/\/christellebes.com\/wp-content\/uploads\/2023\/12\/triton_crete2-1024x852.jpg\" alt=\"\" class=\"wp-image-599\" srcset=\"https:\/\/christellebes.com\/wp-content\/uploads\/2023\/12\/triton_crete2-1024x852.jpg 1024w, https:\/\/christellebes.com\/wp-content\/uploads\/2023\/12\/triton_crete2-300x250.jpg 300w, https:\/\/christellebes.com\/wp-content\/uploads\/2023\/12\/triton_crete2-768x639.jpg 768w, https:\/\/christellebes.com\/wp-content\/uploads\/2023\/12\/triton_crete2-1536x1278.jpg 1536w, https:\/\/christellebes.com\/wp-content\/uploads\/2023\/12\/triton_crete2.jpg 1653w\" sizes=\"auto, (max-width: 1024px) 100vw, 1024px\" \/><figcaption class=\"wp-element-caption\">Triton cr\u00eat\u00e9 \u2013 <em>Triturus cristatus<\/em><\/figcaption><\/figure>\n\n\n\n<figure class=\"wp-block-image size-large\"><img loading=\"lazy\" decoding=\"async\" width=\"1024\" height=\"852\" data-id=\"264\" src=\"https:\/\/christellebes.com\/wp-content\/uploads\/2023\/01\/triton_ponctue-1-1024x852.jpg\" alt=\"\" class=\"wp-image-264\" srcset=\"https:\/\/christellebes.com\/wp-content\/uploads\/2023\/01\/triton_ponctue-1-1024x852.jpg 1024w, https:\/\/christellebes.com\/wp-content\/uploads\/2023\/01\/triton_ponctue-1-300x250.jpg 300w, https:\/\/christellebes.com\/wp-content\/uploads\/2023\/01\/triton_ponctue-1-768x639.jpg 768w, https:\/\/christellebes.com\/wp-content\/uploads\/2023\/01\/triton_ponctue-1-1536x1278.jpg 1536w, https:\/\/christellebes.com\/wp-content\/uploads\/2023\/01\/triton_ponctue-1.jpg 1653w\" sizes=\"auto, (max-width: 1024px) 100vw, 1024px\" \/><figcaption class=\"wp-element-caption\">Triton ponctu\u00e9 <em>\u2013 Lissotriton vulgaris<\/em><\/figcaption><\/figure>\n<\/figure>\n\n\n\n<figure class=\"wp-block-gallery has-nested-images columns-default is-cropped wp-block-gallery-4 is-layout-flex wp-block-gallery-is-layout-flex\">\n<figure class=\"wp-block-image size-large\"><img loading=\"lazy\" decoding=\"async\" width=\"1024\" height=\"1024\" data-id=\"619\" src=\"https:\/\/christellebes.com\/wp-content\/uploads\/2024\/12\/465905055_10161154014291472_2210147188382250255_n-1024x1024.jpg\" alt=\"dljsojdiso\" class=\"wp-image-619\" srcset=\"https:\/\/christellebes.com\/wp-content\/uploads\/2024\/12\/465905055_10161154014291472_2210147188382250255_n-1024x1024.jpg 1024w, https:\/\/christellebes.com\/wp-content\/uploads\/2024\/12\/465905055_10161154014291472_2210147188382250255_n-300x300.jpg 300w, https:\/\/christellebes.com\/wp-content\/uploads\/2024\/12\/465905055_10161154014291472_2210147188382250255_n-150x150.jpg 150w, https:\/\/christellebes.com\/wp-content\/uploads\/2024\/12\/465905055_10161154014291472_2210147188382250255_n-768x768.jpg 768w, https:\/\/christellebes.com\/wp-content\/uploads\/2024\/12\/465905055_10161154014291472_2210147188382250255_n.jpg 1440w\" sizes=\"auto, (max-width: 1024px) 100vw, 1024px\" \/><figcaption class=\"wp-element-caption\">Triton marbr\u00e9 &#8211; <em>Triturus marmoratus<\/em><\/figcaption><\/figure>\n\n\n\n<figure class=\"wp-block-image size-large\"><img loading=\"lazy\" decoding=\"async\" width=\"1024\" height=\"852\" data-id=\"262\" src=\"https:\/\/christellebes.com\/wp-content\/uploads\/2023\/01\/salamandre_tachetee-1024x852.jpg\" alt=\"\" class=\"wp-image-262\" srcset=\"https:\/\/christellebes.com\/wp-content\/uploads\/2023\/01\/salamandre_tachetee-1024x852.jpg 1024w, https:\/\/christellebes.com\/wp-content\/uploads\/2023\/01\/salamandre_tachetee-300x250.jpg 300w, https:\/\/christellebes.com\/wp-content\/uploads\/2023\/01\/salamandre_tachetee-768x639.jpg 768w, https:\/\/christellebes.com\/wp-content\/uploads\/2023\/01\/salamandre_tachetee-1536x1278.jpg 1536w, https:\/\/christellebes.com\/wp-content\/uploads\/2023\/01\/salamandre_tachetee.jpg 1653w\" sizes=\"auto, (max-width: 1024px) 100vw, 1024px\" \/><figcaption class=\"wp-element-caption\">Salamandre t\u00e2chet\u00e9e &#8211; <em>Salamandra salamandra<\/em><\/figcaption><\/figure>\n\n\n\n<figure class=\"wp-block-image size-large\"><img loading=\"lazy\" decoding=\"async\" width=\"1024\" height=\"768\" data-id=\"263\" src=\"https:\/\/christellebes.com\/wp-content\/uploads\/2023\/01\/larve_salamandre-1024x768.jpg\" alt=\"\" class=\"wp-image-263\" srcset=\"https:\/\/christellebes.com\/wp-content\/uploads\/2023\/01\/larve_salamandre-1024x768.jpg 1024w, https:\/\/christellebes.com\/wp-content\/uploads\/2023\/01\/larve_salamandre-300x225.jpg 300w, https:\/\/christellebes.com\/wp-content\/uploads\/2023\/01\/larve_salamandre-768x576.jpg 768w, https:\/\/christellebes.com\/wp-content\/uploads\/2023\/01\/larve_salamandre-1536x1152.jpg 1536w, https:\/\/christellebes.com\/wp-content\/uploads\/2023\/01\/larve_salamandre-2048x1536.jpg 2048w\" sizes=\"auto, (max-width: 1024px) 100vw, 1024px\" \/><figcaption class=\"wp-element-caption\">Larve de salamandre t\u00e2chet\u00e9e &#8211; <em>Salamandra salamandra<\/em><\/figcaption><\/figure>\n<\/figure>\n\n\n\n<figure class=\"wp-block-gallery has-nested-images columns-default is-cropped wp-block-gallery-5 is-layout-flex wp-block-gallery-is-layout-flex\"><\/figure>\n\n\n\n<p><\/p>\n","protected":false},"excerpt":{"rendered":"<p>Les manipulations ont toutes \u00e9t\u00e9 effectu\u00e9es lors de protocoles scientifiques, avec les autorisations r\u00e8glementaires requises. Crapauds Grenouilles Tritons, salamandre<\/p>\n","protected":false},"author":1,"featured_media":0,"parent":17,"menu_order":1,"comment_status":"closed","ping_status":"closed","template":"","meta":{"footnotes":""},"class_list":["post-266","page","type-page","status-publish","hentry"],"_links":{"self":[{"href":"https:\/\/christellebes.com\/index.php\/wp-json\/wp\/v2\/pages\/266","targetHints":{"allow":["GET"]}}],"collection":[{"href":"https:\/\/christellebes.com\/index.php\/wp-json\/wp\/v2\/pages"}],"about":[{"href":"https:\/\/christellebes.com\/index.php\/wp-json\/wp\/v2\/types\/page"}],"author":[{"embeddable":true,"href":"https:\/\/christellebes.com\/index.php\/wp-json\/wp\/v2\/users\/1"}],"replies":[{"embeddable":true,"href":"https:\/\/christellebes.com\/index.php\/wp-json\/wp\/v2\/comments?post=266"}],"version-history":[{"count":15,"href":"https:\/\/christellebes.com\/index.php\/wp-json\/wp\/v2\/pages\/266\/revisions"}],"predecessor-version":[{"id":626,"href":"https:\/\/christellebes.com\/index.php\/wp-json\/wp\/v2\/pages\/266\/revisions\/626"}],"up":[{"embeddable":true,"href":"https:\/\/christellebes.com\/index.php\/wp-json\/wp\/v2\/pages\/17"}],"wp:attachment":[{"href":"https:\/\/christellebes.com\/index.php\/wp-json\/wp\/v2\/media?parent=266"}],"curies":[{"name":"wp","href":"https:\/\/api.w.org\/{rel}","templated":true}]}}