{"id":332,"date":"2023-01-24T17:21:02","date_gmt":"2023-01-24T16:21:02","guid":{"rendered":"http:\/\/christellebes.com\/?page_id=332"},"modified":"2024-12-15T13:29:59","modified_gmt":"2024-12-15T12:29:59","slug":"hymenopteres","status":"publish","type":"page","link":"https:\/\/christellebes.com\/index.php\/galerie-naturaliste\/hymenopteres\/","title":{"rendered":"Hym\u00e9nopt\u00e8res"},"content":{"rendered":"\n<h2 class=\"wp-block-heading\">Abeilles<\/h2>\n\n\n\n<p>Andr\u00e8nes<\/p>\n\n\n\n<figure class=\"wp-block-gallery has-nested-images columns-default is-cropped wp-block-gallery-1 is-layout-flex wp-block-gallery-is-layout-flex\">\n<figure class=\"wp-block-image size-large\"><img loading=\"lazy\" decoding=\"async\" width=\"845\" height=\"845\" data-id=\"854\" src=\"https:\/\/christellebes.com\/wp-content\/uploads\/2024\/12\/Andrena_sp.jpg\" alt=\"\" class=\"wp-image-854\" srcset=\"https:\/\/christellebes.com\/wp-content\/uploads\/2024\/12\/Andrena_sp.jpg 845w, https:\/\/christellebes.com\/wp-content\/uploads\/2024\/12\/Andrena_sp-300x300.jpg 300w, https:\/\/christellebes.com\/wp-content\/uploads\/2024\/12\/Andrena_sp-150x150.jpg 150w, https:\/\/christellebes.com\/wp-content\/uploads\/2024\/12\/Andrena_sp-768x768.jpg 768w\" sizes=\"auto, (max-width: 845px) 100vw, 845px\" \/><figcaption class=\"wp-element-caption\">Les andr\u00e8nes de la campanule rayponce  &#8211; <em>Andrena pandellei\/curvungula<\/em><\/figcaption><\/figure>\n\n\n\n<figure class=\"wp-block-image size-large\"><img loading=\"lazy\" decoding=\"async\" width=\"1024\" height=\"1024\" data-id=\"852\" src=\"https:\/\/christellebes.com\/wp-content\/uploads\/2024\/12\/Andrena_sp_2A_20240527_LFEF_CB-1024x1024.jpg\" alt=\"\" class=\"wp-image-852\" srcset=\"https:\/\/christellebes.com\/wp-content\/uploads\/2024\/12\/Andrena_sp_2A_20240527_LFEF_CB-1024x1024.jpg 1024w, https:\/\/christellebes.com\/wp-content\/uploads\/2024\/12\/Andrena_sp_2A_20240527_LFEF_CB-300x300.jpg 300w, https:\/\/christellebes.com\/wp-content\/uploads\/2024\/12\/Andrena_sp_2A_20240527_LFEF_CB-150x150.jpg 150w, https:\/\/christellebes.com\/wp-content\/uploads\/2024\/12\/Andrena_sp_2A_20240527_LFEF_CB-768x768.jpg 768w, https:\/\/christellebes.com\/wp-content\/uploads\/2024\/12\/Andrena_sp_2A_20240527_LFEF_CB-1536x1536.jpg 1536w, https:\/\/christellebes.com\/wp-content\/uploads\/2024\/12\/Andrena_sp_2A_20240527_LFEF_CB.jpg 1555w\" sizes=\"auto, (max-width: 1024px) 100vw, 1024px\" \/><figcaption class=\"wp-element-caption\">Les andr\u00e8nes de la campanule rayponce  &#8211; <em>Andrena pandellei\/curvungula<\/em><\/figcaption><\/figure>\n\n\n\n<figure class=\"wp-block-image size-large\"><img loading=\"lazy\" decoding=\"async\" width=\"956\" height=\"956\" data-id=\"849\" src=\"https:\/\/christellebes.com\/wp-content\/uploads\/2024\/12\/Andrena_haemorrhoa3_20230427_TNF_CB.jpg\" alt=\"\" class=\"wp-image-849\" srcset=\"https:\/\/christellebes.com\/wp-content\/uploads\/2024\/12\/Andrena_haemorrhoa3_20230427_TNF_CB.jpg 956w, https:\/\/christellebes.com\/wp-content\/uploads\/2024\/12\/Andrena_haemorrhoa3_20230427_TNF_CB-300x300.jpg 300w, https:\/\/christellebes.com\/wp-content\/uploads\/2024\/12\/Andrena_haemorrhoa3_20230427_TNF_CB-150x150.jpg 150w, https:\/\/christellebes.com\/wp-content\/uploads\/2024\/12\/Andrena_haemorrhoa3_20230427_TNF_CB-768x768.jpg 768w\" sizes=\"auto, (max-width: 956px) 100vw, 956px\" \/><figcaption class=\"wp-element-caption\">Andr\u00e8ne \u00e0 cul roux &#8211;<em> Andrena haemorroa<\/em><\/figcaption><\/figure>\n\n\n\n<figure class=\"wp-block-image size-large\"><img loading=\"lazy\" decoding=\"async\" width=\"1024\" height=\"1024\" data-id=\"846\" src=\"https:\/\/christellebes.com\/wp-content\/uploads\/2024\/12\/Andrena_flavipes4_202404_LFEF_CB-1024x1024.jpg\" alt=\"\" class=\"wp-image-846\" srcset=\"https:\/\/christellebes.com\/wp-content\/uploads\/2024\/12\/Andrena_flavipes4_202404_LFEF_CB-1024x1024.jpg 1024w, https:\/\/christellebes.com\/wp-content\/uploads\/2024\/12\/Andrena_flavipes4_202404_LFEF_CB-300x300.jpg 300w, https:\/\/christellebes.com\/wp-content\/uploads\/2024\/12\/Andrena_flavipes4_202404_LFEF_CB-150x150.jpg 150w, https:\/\/christellebes.com\/wp-content\/uploads\/2024\/12\/Andrena_flavipes4_202404_LFEF_CB-768x768.jpg 768w, https:\/\/christellebes.com\/wp-content\/uploads\/2024\/12\/Andrena_flavipes4_202404_LFEF_CB.jpg 1100w\" sizes=\"auto, (max-width: 1024px) 100vw, 1024px\" \/><figcaption class=\"wp-element-caption\">Andr\u00e8ne \u00e0 pattes jaunes &#8211; <em>Andrena flavipes<\/em><\/figcaption><\/figure>\n\n\n\n<figure class=\"wp-block-image size-large\"><img loading=\"lazy\" decoding=\"async\" width=\"1024\" height=\"948\" data-id=\"845\" src=\"https:\/\/christellebes.com\/wp-content\/uploads\/2024\/12\/Andrena_cineraria2_20230417_BVA_CB-1024x948.jpg\" alt=\"\" class=\"wp-image-845\" srcset=\"https:\/\/christellebes.com\/wp-content\/uploads\/2024\/12\/Andrena_cineraria2_20230417_BVA_CB-1024x948.jpg 1024w, https:\/\/christellebes.com\/wp-content\/uploads\/2024\/12\/Andrena_cineraria2_20230417_BVA_CB-300x278.jpg 300w, https:\/\/christellebes.com\/wp-content\/uploads\/2024\/12\/Andrena_cineraria2_20230417_BVA_CB-768x711.jpg 768w, https:\/\/christellebes.com\/wp-content\/uploads\/2024\/12\/Andrena_cineraria2_20230417_BVA_CB.jpg 1230w\" sizes=\"auto, (max-width: 1024px) 100vw, 1024px\" \/><figcaption class=\"wp-element-caption\">Andr\u00e8ne cendr\u00e9e &#8211; <em>Andrena cineraria<\/em><\/figcaption><\/figure>\n\n\n\n<figure class=\"wp-block-image size-full\"><img loading=\"lazy\" decoding=\"async\" width=\"915\" height=\"915\" data-id=\"858\" src=\"https:\/\/christellebes.com\/wp-content\/uploads\/2024\/12\/Andrena_sp-2.jpg\" alt=\"\" class=\"wp-image-858\" srcset=\"https:\/\/christellebes.com\/wp-content\/uploads\/2024\/12\/Andrena_sp-2.jpg 915w, https:\/\/christellebes.com\/wp-content\/uploads\/2024\/12\/Andrena_sp-2-300x300.jpg 300w, https:\/\/christellebes.com\/wp-content\/uploads\/2024\/12\/Andrena_sp-2-150x150.jpg 150w, https:\/\/christellebes.com\/wp-content\/uploads\/2024\/12\/Andrena_sp-2-768x768.jpg 768w\" sizes=\"auto, (max-width: 915px) 100vw, 915px\" \/><figcaption class=\"wp-element-caption\">Andr\u00e8ne &#8211; <em>Andrena<\/em><\/figcaption><\/figure>\n<\/figure>\n\n\n\n<p>Autres abeilles sauvages<\/p>\n\n\n\n<figure class=\"wp-block-gallery has-nested-images columns-default is-cropped wp-block-gallery-2 is-layout-flex wp-block-gallery-is-layout-flex\">\n<figure class=\"wp-block-image size-large\"><img loading=\"lazy\" decoding=\"async\" width=\"1005\" height=\"1024\" data-id=\"862\" src=\"https:\/\/christellebes.com\/wp-content\/uploads\/2024\/12\/Anthophora_plumipes_20230427_TNF_CB-1005x1024.jpg\" alt=\"\" class=\"wp-image-862\" srcset=\"https:\/\/christellebes.com\/wp-content\/uploads\/2024\/12\/Anthophora_plumipes_20230427_TNF_CB-1005x1024.jpg 1005w, https:\/\/christellebes.com\/wp-content\/uploads\/2024\/12\/Anthophora_plumipes_20230427_TNF_CB-295x300.jpg 295w, https:\/\/christellebes.com\/wp-content\/uploads\/2024\/12\/Anthophora_plumipes_20230427_TNF_CB-768x782.jpg 768w, https:\/\/christellebes.com\/wp-content\/uploads\/2024\/12\/Anthophora_plumipes_20230427_TNF_CB.jpg 1249w\" sizes=\"auto, (max-width: 1005px) 100vw, 1005px\" \/><figcaption class=\"wp-element-caption\"><em>Anthophora plumipes<\/em><\/figcaption><\/figure>\n\n\n\n<figure class=\"wp-block-image size-large\"><img loading=\"lazy\" decoding=\"async\" width=\"1024\" height=\"936\" data-id=\"898\" src=\"https:\/\/christellebes.com\/wp-content\/uploads\/2024\/12\/Ammophila_sabulosa_20240920_UIP_CB-1-1024x936.jpg\" alt=\"\" class=\"wp-image-898\" srcset=\"https:\/\/christellebes.com\/wp-content\/uploads\/2024\/12\/Ammophila_sabulosa_20240920_UIP_CB-1-1024x936.jpg 1024w, https:\/\/christellebes.com\/wp-content\/uploads\/2024\/12\/Ammophila_sabulosa_20240920_UIP_CB-1-300x274.jpg 300w, https:\/\/christellebes.com\/wp-content\/uploads\/2024\/12\/Ammophila_sabulosa_20240920_UIP_CB-1-768x702.jpg 768w, https:\/\/christellebes.com\/wp-content\/uploads\/2024\/12\/Ammophila_sabulosa_20240920_UIP_CB-1-1536x1404.jpg 1536w, https:\/\/christellebes.com\/wp-content\/uploads\/2024\/12\/Ammophila_sabulosa_20240920_UIP_CB-1.jpg 1857w\" sizes=\"auto, (max-width: 1024px) 100vw, 1024px\" \/><figcaption class=\"wp-element-caption\">Abeille charpenti\u00e8re &#8211;<em> Xylocopa<\/em><\/figcaption><\/figure>\n\n\n\n<figure class=\"wp-block-image size-full\"><img loading=\"lazy\" decoding=\"async\" width=\"705\" height=\"705\" data-id=\"895\" src=\"https:\/\/christellebes.com\/wp-content\/uploads\/2024\/12\/SPIPOLL_Tanacetum_vulgare_colletes_sp4_20230822_LFPZ_CB.jpg\" alt=\"\" class=\"wp-image-895\" srcset=\"https:\/\/christellebes.com\/wp-content\/uploads\/2024\/12\/SPIPOLL_Tanacetum_vulgare_colletes_sp4_20230822_LFPZ_CB.jpg 705w, https:\/\/christellebes.com\/wp-content\/uploads\/2024\/12\/SPIPOLL_Tanacetum_vulgare_colletes_sp4_20230822_LFPZ_CB-300x300.jpg 300w, https:\/\/christellebes.com\/wp-content\/uploads\/2024\/12\/SPIPOLL_Tanacetum_vulgare_colletes_sp4_20230822_LFPZ_CB-150x150.jpg 150w\" sizes=\"auto, (max-width: 705px) 100vw, 705px\" \/><figcaption class=\"wp-element-caption\">Coll\u00e8te &#8211; <em>Colletes<\/em><\/figcaption><\/figure>\n\n\n\n<figure class=\"wp-block-image size-full\"><img loading=\"lazy\" decoding=\"async\" width=\"553\" height=\"553\" data-id=\"896\" src=\"https:\/\/christellebes.com\/wp-content\/uploads\/2024\/12\/SPIPOLL_Matricharia_chamomilla_Colletes_sp_20230614_LFPZ_CB-1.jpg\" alt=\"\" class=\"wp-image-896\" srcset=\"https:\/\/christellebes.com\/wp-content\/uploads\/2024\/12\/SPIPOLL_Matricharia_chamomilla_Colletes_sp_20230614_LFPZ_CB-1.jpg 553w, https:\/\/christellebes.com\/wp-content\/uploads\/2024\/12\/SPIPOLL_Matricharia_chamomilla_Colletes_sp_20230614_LFPZ_CB-1-300x300.jpg 300w, https:\/\/christellebes.com\/wp-content\/uploads\/2024\/12\/SPIPOLL_Matricharia_chamomilla_Colletes_sp_20230614_LFPZ_CB-1-150x150.jpg 150w\" sizes=\"auto, (max-width: 553px) 100vw, 553px\" \/><figcaption class=\"wp-element-caption\">Coll\u00e8te &#8211; <em>Colletes<\/em><\/figcaption><\/figure>\n\n\n\n<figure class=\"wp-block-image size-large\"><img loading=\"lazy\" decoding=\"async\" width=\"1024\" height=\"975\" data-id=\"871\" src=\"https:\/\/christellebes.com\/wp-content\/uploads\/2024\/12\/Eucera_longicornis3_20230427_TNF_CB-1024x975.jpg\" alt=\"\" class=\"wp-image-871\" srcset=\"https:\/\/christellebes.com\/wp-content\/uploads\/2024\/12\/Eucera_longicornis3_20230427_TNF_CB-1024x975.jpg 1024w, https:\/\/christellebes.com\/wp-content\/uploads\/2024\/12\/Eucera_longicornis3_20230427_TNF_CB-300x286.jpg 300w, https:\/\/christellebes.com\/wp-content\/uploads\/2024\/12\/Eucera_longicornis3_20230427_TNF_CB-768x731.jpg 768w, https:\/\/christellebes.com\/wp-content\/uploads\/2024\/12\/Eucera_longicornis3_20230427_TNF_CB.jpg 1309w\" sizes=\"auto, (max-width: 1024px) 100vw, 1024px\" \/><figcaption class=\"wp-element-caption\">Euc\u00e8re \u00e0 longues antennes &#8211; <em>Eucera longicornis<\/em><\/figcaption><\/figure>\n\n\n\n<figure class=\"wp-block-image size-large\"><img loading=\"lazy\" decoding=\"async\" width=\"785\" height=\"785\" data-id=\"872\" src=\"https:\/\/christellebes.com\/wp-content\/uploads\/2024\/12\/Eucera_sp_1C_20240422_LFEF_CB-copie.jpg\" alt=\"\" class=\"wp-image-872\" srcset=\"https:\/\/christellebes.com\/wp-content\/uploads\/2024\/12\/Eucera_sp_1C_20240422_LFEF_CB-copie.jpg 785w, https:\/\/christellebes.com\/wp-content\/uploads\/2024\/12\/Eucera_sp_1C_20240422_LFEF_CB-copie-300x300.jpg 300w, https:\/\/christellebes.com\/wp-content\/uploads\/2024\/12\/Eucera_sp_1C_20240422_LFEF_CB-copie-150x150.jpg 150w, https:\/\/christellebes.com\/wp-content\/uploads\/2024\/12\/Eucera_sp_1C_20240422_LFEF_CB-copie-768x768.jpg 768w\" sizes=\"auto, (max-width: 785px) 100vw, 785px\" \/><figcaption class=\"wp-element-caption\">Euc\u00e8re &#8211; <em>Eucera <\/em><\/figcaption><\/figure>\n\n\n\n<figure class=\"wp-block-image size-large\"><img loading=\"lazy\" decoding=\"async\" width=\"1018\" height=\"1024\" data-id=\"874\" src=\"https:\/\/christellebes.com\/wp-content\/uploads\/2024\/12\/Halictus_scabiosae_20230821_LFPZ_CB-copie-1018x1024.jpg\" alt=\"\" class=\"wp-image-874\" srcset=\"https:\/\/christellebes.com\/wp-content\/uploads\/2024\/12\/Halictus_scabiosae_20230821_LFPZ_CB-copie-1018x1024.jpg 1018w, https:\/\/christellebes.com\/wp-content\/uploads\/2024\/12\/Halictus_scabiosae_20230821_LFPZ_CB-copie-298x300.jpg 298w, https:\/\/christellebes.com\/wp-content\/uploads\/2024\/12\/Halictus_scabiosae_20230821_LFPZ_CB-copie-150x150.jpg 150w, https:\/\/christellebes.com\/wp-content\/uploads\/2024\/12\/Halictus_scabiosae_20230821_LFPZ_CB-copie-768x772.jpg 768w, https:\/\/christellebes.com\/wp-content\/uploads\/2024\/12\/Halictus_scabiosae_20230821_LFPZ_CB-copie.jpg 1421w\" sizes=\"auto, (max-width: 1018px) 100vw, 1018px\" \/><figcaption class=\"wp-element-caption\">Halicte de la scabieuse &#8211; <em>Halictus scabiosae<\/em><\/figcaption><\/figure>\n\n\n\n<figure class=\"wp-block-image size-large\"><img loading=\"lazy\" decoding=\"async\" width=\"1024\" height=\"852\" data-id=\"345\" src=\"https:\/\/christellebes.com\/wp-content\/uploads\/2023\/01\/osmie_cornue-1024x852.jpg\" alt=\"\" class=\"wp-image-345\" srcset=\"https:\/\/christellebes.com\/wp-content\/uploads\/2023\/01\/osmie_cornue-1024x852.jpg 1024w, https:\/\/christellebes.com\/wp-content\/uploads\/2023\/01\/osmie_cornue-300x250.jpg 300w, https:\/\/christellebes.com\/wp-content\/uploads\/2023\/01\/osmie_cornue-768x639.jpg 768w, https:\/\/christellebes.com\/wp-content\/uploads\/2023\/01\/osmie_cornue-1536x1278.jpg 1536w, https:\/\/christellebes.com\/wp-content\/uploads\/2023\/01\/osmie_cornue.jpg 1653w\" sizes=\"auto, (max-width: 1024px) 100vw, 1024px\" \/><figcaption class=\"wp-element-caption\">Osmie cornue &#8211; <em>Osmia cornuta<\/em><\/figcaption><\/figure>\n\n\n\n<figure class=\"wp-block-image size-large\"><img loading=\"lazy\" decoding=\"async\" width=\"940\" height=\"1024\" data-id=\"879\" src=\"https:\/\/christellebes.com\/wp-content\/uploads\/2024\/12\/Pseudoanthidium_nanum1_20230703_TNF_CB-copie-940x1024.jpg\" alt=\"\" class=\"wp-image-879\" srcset=\"https:\/\/christellebes.com\/wp-content\/uploads\/2024\/12\/Pseudoanthidium_nanum1_20230703_TNF_CB-copie-940x1024.jpg 940w, https:\/\/christellebes.com\/wp-content\/uploads\/2024\/12\/Pseudoanthidium_nanum1_20230703_TNF_CB-copie-275x300.jpg 275w, https:\/\/christellebes.com\/wp-content\/uploads\/2024\/12\/Pseudoanthidium_nanum1_20230703_TNF_CB-copie-768x837.jpg 768w, https:\/\/christellebes.com\/wp-content\/uploads\/2024\/12\/Pseudoanthidium_nanum1_20230703_TNF_CB-copie.jpg 985w\" sizes=\"auto, (max-width: 940px) 100vw, 940px\" \/><figcaption class=\"wp-element-caption\"><em>Pseudoanthidium nanum<\/em><\/figcaption><\/figure>\n\n\n\n<figure class=\"wp-block-image size-large\"><img loading=\"lazy\" decoding=\"async\" width=\"870\" height=\"870\" data-id=\"887\" src=\"https:\/\/christellebes.com\/wp-content\/uploads\/2024\/12\/Sphecodes_sp_1b_20240705_UIP_CB-copie.jpg\" alt=\"\" class=\"wp-image-887\" srcset=\"https:\/\/christellebes.com\/wp-content\/uploads\/2024\/12\/Sphecodes_sp_1b_20240705_UIP_CB-copie.jpg 870w, https:\/\/christellebes.com\/wp-content\/uploads\/2024\/12\/Sphecodes_sp_1b_20240705_UIP_CB-copie-300x300.jpg 300w, https:\/\/christellebes.com\/wp-content\/uploads\/2024\/12\/Sphecodes_sp_1b_20240705_UIP_CB-copie-150x150.jpg 150w, https:\/\/christellebes.com\/wp-content\/uploads\/2024\/12\/Sphecodes_sp_1b_20240705_UIP_CB-copie-768x768.jpg 768w\" sizes=\"auto, (max-width: 870px) 100vw, 870px\" \/><figcaption class=\"wp-element-caption\">Sph\u00e9code &#8211;<em> Sphecodes<\/em><\/figcaption><\/figure>\n\n\n\n<figure class=\"wp-block-image size-large\"><img loading=\"lazy\" decoding=\"async\" width=\"1024\" height=\"1024\" data-id=\"876\" src=\"https:\/\/christellebes.com\/wp-content\/uploads\/2024\/12\/Lasioglossum_sp_1A_20240422_LFEF_CB-1024x1024.jpg\" alt=\"\" class=\"wp-image-876\" srcset=\"https:\/\/christellebes.com\/wp-content\/uploads\/2024\/12\/Lasioglossum_sp_1A_20240422_LFEF_CB-1024x1024.jpg 1024w, https:\/\/christellebes.com\/wp-content\/uploads\/2024\/12\/Lasioglossum_sp_1A_20240422_LFEF_CB-300x300.jpg 300w, https:\/\/christellebes.com\/wp-content\/uploads\/2024\/12\/Lasioglossum_sp_1A_20240422_LFEF_CB-150x150.jpg 150w, https:\/\/christellebes.com\/wp-content\/uploads\/2024\/12\/Lasioglossum_sp_1A_20240422_LFEF_CB-768x768.jpg 768w, https:\/\/christellebes.com\/wp-content\/uploads\/2024\/12\/Lasioglossum_sp_1A_20240422_LFEF_CB.jpg 1157w\" sizes=\"auto, (max-width: 1024px) 100vw, 1024px\" \/><\/figure>\n\n\n\n<figure class=\"wp-block-image size-full\"><img loading=\"lazy\" decoding=\"async\" width=\"505\" height=\"505\" data-id=\"903\" src=\"https:\/\/christellebes.com\/wp-content\/uploads\/2024\/12\/34770815_10155471516571472_3398560368094609408_n.jpg\" alt=\"\" class=\"wp-image-903\" srcset=\"https:\/\/christellebes.com\/wp-content\/uploads\/2024\/12\/34770815_10155471516571472_3398560368094609408_n.jpg 505w, https:\/\/christellebes.com\/wp-content\/uploads\/2024\/12\/34770815_10155471516571472_3398560368094609408_n-300x300.jpg 300w, https:\/\/christellebes.com\/wp-content\/uploads\/2024\/12\/34770815_10155471516571472_3398560368094609408_n-150x150.jpg 150w\" sizes=\"auto, (max-width: 505px) 100vw, 505px\" \/><\/figure>\n<\/figure>\n\n\n\n<p><\/p>\n\n\n\n<h2 class=\"wp-block-heading\">Bourdons<\/h2>\n\n\n\n<figure class=\"wp-block-gallery has-nested-images columns-default is-cropped wp-block-gallery-3 is-layout-flex wp-block-gallery-is-layout-flex\">\n<figure class=\"wp-block-image size-large\"><img loading=\"lazy\" decoding=\"async\" width=\"1024\" height=\"1024\" data-id=\"865\" src=\"https:\/\/christellebes.com\/wp-content\/uploads\/2024\/12\/Bombus_pascuorum_20240920_UIP_CB-copie-1024x1024.jpg\" alt=\"\" class=\"wp-image-865\" srcset=\"https:\/\/christellebes.com\/wp-content\/uploads\/2024\/12\/Bombus_pascuorum_20240920_UIP_CB-copie-1024x1024.jpg 1024w, https:\/\/christellebes.com\/wp-content\/uploads\/2024\/12\/Bombus_pascuorum_20240920_UIP_CB-copie-300x300.jpg 300w, https:\/\/christellebes.com\/wp-content\/uploads\/2024\/12\/Bombus_pascuorum_20240920_UIP_CB-copie-150x150.jpg 150w, https:\/\/christellebes.com\/wp-content\/uploads\/2024\/12\/Bombus_pascuorum_20240920_UIP_CB-copie-768x768.jpg 768w, https:\/\/christellebes.com\/wp-content\/uploads\/2024\/12\/Bombus_pascuorum_20240920_UIP_CB-copie.jpg 1321w\" sizes=\"auto, (max-width: 1024px) 100vw, 1024px\" \/><figcaption class=\"wp-element-caption\">Bourdon des champs &#8211; <em>Bombus pascuorum<\/em><\/figcaption><\/figure>\n\n\n\n<figure class=\"wp-block-image size-large\"><img loading=\"lazy\" decoding=\"async\" width=\"912\" height=\"1024\" data-id=\"866\" src=\"https:\/\/christellebes.com\/wp-content\/uploads\/2024\/12\/Bombus_sp-912x1024.jpg\" alt=\"\" class=\"wp-image-866\" srcset=\"https:\/\/christellebes.com\/wp-content\/uploads\/2024\/12\/Bombus_sp-912x1024.jpg 912w, https:\/\/christellebes.com\/wp-content\/uploads\/2024\/12\/Bombus_sp-267x300.jpg 267w, https:\/\/christellebes.com\/wp-content\/uploads\/2024\/12\/Bombus_sp-768x862.jpg 768w, https:\/\/christellebes.com\/wp-content\/uploads\/2024\/12\/Bombus_sp-1368x1536.jpg 1368w, https:\/\/christellebes.com\/wp-content\/uploads\/2024\/12\/Bombus_sp.jpg 1555w\" sizes=\"auto, (max-width: 912px) 100vw, 912px\" \/><figcaption class=\"wp-element-caption\"><em>Bombus sp.<\/em><\/figcaption><\/figure>\n\n\n\n<figure class=\"wp-block-image size-large\"><img loading=\"lazy\" decoding=\"async\" width=\"1024\" height=\"852\" data-id=\"359\" src=\"https:\/\/christellebes.com\/wp-content\/uploads\/2023\/01\/2-3-1024x852.jpg\" alt=\"\" class=\"wp-image-359\" srcset=\"https:\/\/christellebes.com\/wp-content\/uploads\/2023\/01\/2-3-1024x852.jpg 1024w, https:\/\/christellebes.com\/wp-content\/uploads\/2023\/01\/2-3-300x250.jpg 300w, https:\/\/christellebes.com\/wp-content\/uploads\/2023\/01\/2-3-768x639.jpg 768w, https:\/\/christellebes.com\/wp-content\/uploads\/2023\/01\/2-3-1536x1278.jpg 1536w, https:\/\/christellebes.com\/wp-content\/uploads\/2023\/01\/2-3.jpg 1653w\" sizes=\"auto, (max-width: 1024px) 100vw, 1024px\" \/><figcaption class=\"wp-element-caption\">Bombus sp.<\/figcaption><\/figure>\n<\/figure>\n\n\n\n<h2 class=\"wp-block-heading\">Autres hym\u00e9nopt\u00e8res<\/h2>\n\n\n\n<figure class=\"wp-block-gallery has-nested-images columns-default is-cropped wp-block-gallery-4 is-layout-flex wp-block-gallery-is-layout-flex\">\n<figure class=\"wp-block-image size-full\"><img loading=\"lazy\" decoding=\"async\" width=\"566\" height=\"566\" data-id=\"843\" src=\"https:\/\/christellebes.com\/wp-content\/uploads\/2024\/12\/Chrysididae_sp.jpg\" alt=\"\" class=\"wp-image-843\" srcset=\"https:\/\/christellebes.com\/wp-content\/uploads\/2024\/12\/Chrysididae_sp.jpg 566w, https:\/\/christellebes.com\/wp-content\/uploads\/2024\/12\/Chrysididae_sp-300x300.jpg 300w, https:\/\/christellebes.com\/wp-content\/uploads\/2024\/12\/Chrysididae_sp-150x150.jpg 150w\" sizes=\"auto, (max-width: 566px) 100vw, 566px\" \/><figcaption class=\"wp-element-caption\">Gu\u00e8pe coucou &#8211; \u00a0<em>Chrysididae.<\/em><\/figcaption><\/figure>\n\n\n\n<figure class=\"wp-block-image size-large\"><img loading=\"lazy\" decoding=\"async\" width=\"1024\" height=\"1024\" data-id=\"883\" src=\"https:\/\/christellebes.com\/wp-content\/uploads\/2024\/12\/Ammophila_sabulosa_20240920_UIP_CB-1024x1024.jpg\" alt=\"\" class=\"wp-image-883\" srcset=\"https:\/\/christellebes.com\/wp-content\/uploads\/2024\/12\/Ammophila_sabulosa_20240920_UIP_CB-1024x1024.jpg 1024w, https:\/\/christellebes.com\/wp-content\/uploads\/2024\/12\/Ammophila_sabulosa_20240920_UIP_CB-300x300.jpg 300w, https:\/\/christellebes.com\/wp-content\/uploads\/2024\/12\/Ammophila_sabulosa_20240920_UIP_CB-150x150.jpg 150w, https:\/\/christellebes.com\/wp-content\/uploads\/2024\/12\/Ammophila_sabulosa_20240920_UIP_CB-768x768.jpg 768w, https:\/\/christellebes.com\/wp-content\/uploads\/2024\/12\/Ammophila_sabulosa_20240920_UIP_CB.jpg 1325w\" sizes=\"auto, (max-width: 1024px) 100vw, 1024px\" \/><figcaption class=\"wp-element-caption\">Gu\u00eape coucou &#8211; <em>Ammophila sabulosa<\/em><\/figcaption><\/figure>\n\n\n\n<figure class=\"wp-block-image size-large\"><img loading=\"lazy\" decoding=\"async\" width=\"1024\" height=\"906\" data-id=\"868\" src=\"https:\/\/christellebes.com\/wp-content\/uploads\/2024\/12\/Elinora_koehleri2_TNF_CB-1024x906.jpg\" alt=\"\" class=\"wp-image-868\" srcset=\"https:\/\/christellebes.com\/wp-content\/uploads\/2024\/12\/Elinora_koehleri2_TNF_CB-1024x906.jpg 1024w, https:\/\/christellebes.com\/wp-content\/uploads\/2024\/12\/Elinora_koehleri2_TNF_CB-300x265.jpg 300w, https:\/\/christellebes.com\/wp-content\/uploads\/2024\/12\/Elinora_koehleri2_TNF_CB-768x680.jpg 768w, https:\/\/christellebes.com\/wp-content\/uploads\/2024\/12\/Elinora_koehleri2_TNF_CB-1536x1359.jpg 1536w, https:\/\/christellebes.com\/wp-content\/uploads\/2024\/12\/Elinora_koehleri2_TNF_CB-2048x1812.jpg 2048w\" sizes=\"auto, (max-width: 1024px) 100vw, 1024px\" \/><figcaption class=\"wp-element-caption\"><em>Elinora koehleri<\/em><\/figcaption><\/figure>\n\n\n\n<figure class=\"wp-block-image size-large\"><img loading=\"lazy\" decoding=\"async\" width=\"1024\" height=\"1024\" data-id=\"881\" src=\"https:\/\/christellebes.com\/wp-content\/uploads\/2024\/12\/Polistes_biglumis_20230703_TNF_CB-1-1024x1024.jpg\" alt=\"\" class=\"wp-image-881\" srcset=\"https:\/\/christellebes.com\/wp-content\/uploads\/2024\/12\/Polistes_biglumis_20230703_TNF_CB-1-1024x1024.jpg 1024w, https:\/\/christellebes.com\/wp-content\/uploads\/2024\/12\/Polistes_biglumis_20230703_TNF_CB-1-300x300.jpg 300w, https:\/\/christellebes.com\/wp-content\/uploads\/2024\/12\/Polistes_biglumis_20230703_TNF_CB-1-150x150.jpg 150w, https:\/\/christellebes.com\/wp-content\/uploads\/2024\/12\/Polistes_biglumis_20230703_TNF_CB-1-768x768.jpg 768w, https:\/\/christellebes.com\/wp-content\/uploads\/2024\/12\/Polistes_biglumis_20230703_TNF_CB-1.jpg 1363w\" sizes=\"auto, (max-width: 1024px) 100vw, 1024px\" \/><figcaption class=\"wp-element-caption\">Gu\u00eapes polistes &#8211; <em>Polistes<\/em><\/figcaption><\/figure>\n\n\n\n<figure class=\"wp-block-image size-large\"><img loading=\"lazy\" decoding=\"async\" width=\"1024\" height=\"1024\" data-id=\"889\" src=\"https:\/\/christellebes.com\/wp-content\/uploads\/2024\/12\/SPIPOLL_Cirsium_arvense_polistes_dominula_20230703_TNF_CB-1024x1024.jpg\" alt=\"\" class=\"wp-image-889\" srcset=\"https:\/\/christellebes.com\/wp-content\/uploads\/2024\/12\/SPIPOLL_Cirsium_arvense_polistes_dominula_20230703_TNF_CB-1024x1024.jpg 1024w, https:\/\/christellebes.com\/wp-content\/uploads\/2024\/12\/SPIPOLL_Cirsium_arvense_polistes_dominula_20230703_TNF_CB-300x300.jpg 300w, https:\/\/christellebes.com\/wp-content\/uploads\/2024\/12\/SPIPOLL_Cirsium_arvense_polistes_dominula_20230703_TNF_CB-150x150.jpg 150w, https:\/\/christellebes.com\/wp-content\/uploads\/2024\/12\/SPIPOLL_Cirsium_arvense_polistes_dominula_20230703_TNF_CB-768x768.jpg 768w, https:\/\/christellebes.com\/wp-content\/uploads\/2024\/12\/SPIPOLL_Cirsium_arvense_polistes_dominula_20230703_TNF_CB.jpg 1268w\" sizes=\"auto, (max-width: 1024px) 100vw, 1024px\" \/><figcaption class=\"wp-element-caption\">Gu\u00eape poliste &#8211; <em>Polistes dominula<\/em><\/figcaption><\/figure>\n\n\n\n<figure class=\"wp-block-image size-large\"><img loading=\"lazy\" decoding=\"async\" width=\"1024\" height=\"1002\" data-id=\"899\" src=\"https:\/\/christellebes.com\/wp-content\/uploads\/2024\/12\/Tenthredo_koehleri_20230427_TNF_CB-1024x1002.jpg\" alt=\"\" class=\"wp-image-899\" srcset=\"https:\/\/christellebes.com\/wp-content\/uploads\/2024\/12\/Tenthredo_koehleri_20230427_TNF_CB-1024x1002.jpg 1024w, https:\/\/christellebes.com\/wp-content\/uploads\/2024\/12\/Tenthredo_koehleri_20230427_TNF_CB-300x294.jpg 300w, https:\/\/christellebes.com\/wp-content\/uploads\/2024\/12\/Tenthredo_koehleri_20230427_TNF_CB-768x751.jpg 768w, https:\/\/christellebes.com\/wp-content\/uploads\/2024\/12\/Tenthredo_koehleri_20230427_TNF_CB.jpg 1294w\" sizes=\"auto, (max-width: 1024px) 100vw, 1024px\" \/><figcaption class=\"wp-element-caption\">Tenthr\u00e8de &#8211; <em>Tenthredo koehleri<\/em><\/figcaption><\/figure>\n<\/figure>\n\n\n\n<p><\/p>\n","protected":false},"excerpt":{"rendered":"<p>Abeilles Andr\u00e8nes Autres abeilles sauvages Bourdons Autres hym\u00e9nopt\u00e8res<\/p>\n","protected":false},"author":1,"featured_media":0,"parent":17,"menu_order":6,"comment_status":"closed","ping_status":"closed","template":"","meta":{"footnotes":""},"class_list":["post-332","page","type-page","status-publish","hentry"],"_links":{"self":[{"href":"https:\/\/christellebes.com\/index.php\/wp-json\/wp\/v2\/pages\/332","targetHints":{"allow":["GET"]}}],"collection":[{"href":"https:\/\/christellebes.com\/index.php\/wp-json\/wp\/v2\/pages"}],"about":[{"href":"https:\/\/christellebes.com\/index.php\/wp-json\/wp\/v2\/types\/page"}],"author":[{"embeddable":true,"href":"https:\/\/christellebes.com\/index.php\/wp-json\/wp\/v2\/users\/1"}],"replies":[{"embeddable":true,"href":"https:\/\/christellebes.com\/index.php\/wp-json\/wp\/v2\/comments?post=332"}],"version-history":[{"count":39,"href":"https:\/\/christellebes.com\/index.php\/wp-json\/wp\/v2\/pages\/332\/revisions"}],"predecessor-version":[{"id":905,"href":"https:\/\/christellebes.com\/index.php\/wp-json\/wp\/v2\/pages\/332\/revisions\/905"}],"up":[{"embeddable":true,"href":"https:\/\/christellebes.com\/index.php\/wp-json\/wp\/v2\/pages\/17"}],"wp:attachment":[{"href":"https:\/\/christellebes.com\/index.php\/wp-json\/wp\/v2\/media?parent=332"}],"curies":[{"name":"wp","href":"https:\/\/api.w.org\/{rel}","templated":true}]}}